{"id":50202,"date":"2020-11-17T14:15:50","date_gmt":"2020-11-17T13:15:50","guid":{"rendered":"https:\/\/caratdiamond.ch\/produit\/diamante-rotondo-056-ct\/"},"modified":"2020-11-17T14:15:50","modified_gmt":"2020-11-17T13:15:50","slug":"diamante-rotondo-056-ct","status":"publish","type":"product","link":"https:\/\/caratdiamond.ch\/it\/produit\/diamante-rotondo-056-ct\/","title":{"rendered":"Diamante rotondo 0,56 ct"},"content":{"rendered":"<p>Il materiale pi\u00f9 duro conosciuto dall&#8217;uomo, simboleggia i 60 anni di matrimonio ed \u00e8 la pietra natale di aprile. Protegge dai &#8220;cattivi incantesimi&#8221;, simboleggia l&#8217;invincibilit\u00e0 e ha un elevato potere curativo.<\/p>\n<p>Divenuto la pietra d&#8217;eccellenza per gli anelli di fidanzamento, il primo ad aver offerto un simile gioiello fu il principe Massimiliano d&#8217;Austria alla sua fidanzata Maria di Borgogna nel XV secolo, oggi il <a href=\"https:\/\/caratdiamond.ch\/diamant\/\">diamante<\/a> simboleggia l&#8217;eternit\u00e0 come si suppone sia l&#8217;amore.<\/p>\n","protected":false},"excerpt":{"rendered":"<p>Diamante rotondo da 0,56 carati, perfetto per una proposta di matrimonio o da indossare come<a href=\"https:\/\/akhal.ch\/produit\/collier-solitaire-0-30ct\/\"> pendente solitario<\/a> o in combinazione con un secondo diamante, come orecchini.<br \/>\nDimensioni :<br \/>\nColore :<br \/>\nPurezza :<br \/>\nCarati: 056ct<\/p>\n<p>Art.785<\/p>\n","protected":false},"featured_media":40188,"comment_status":"open","ping_status":"closed","template":"","meta":{"site-sidebar-layout":"default","site-content-layout":"default","ast-site-content-layout":"","site-content-style":"default","site-sidebar-style":"default","ast-global-header-display":"","ast-banner-title-visibility":"","ast-main-header-display":"","ast-hfb-above-header-display":"","ast-hfb-below-header-display":"","ast-hfb-mobile-header-display":"","site-post-title":"","ast-breadcrumbs-content":"","ast-featured-img":"","footer-sml-layout":"","theme-transparent-header-meta":"default","adv-header-id-meta":"","stick-header-meta":"","header-above-stick-meta":"","header-main-stick-meta":"","header-below-stick-meta":"","astra-migrate-meta-layouts":"default","ast-page-background-enabled":"default","ast-page-background-meta":{"desktop":{"background-color":"","background-image":"","background-repeat":"repeat","background-position":"center center","background-size":"auto","background-attachment":"scroll","background-type":"","background-media":"","overlay-type":"","overlay-color":"","overlay-opacity":"","overlay-gradient":""},"tablet":{"background-color":"","background-image":"","background-repeat":"repeat","background-position":"center center","background-size":"auto","background-attachment":"scroll","background-type":"","background-media":"","overlay-type":"","overlay-color":"","overlay-opacity":"","overlay-gradient":""},"mobile":{"background-color":"","background-image":"","background-repeat":"repeat","background-position":"center center","background-size":"auto","background-attachment":"scroll","background-type":"","background-media":"","overlay-type":"","overlay-color":"","overlay-opacity":"","overlay-gradient":""}},"ast-content-background-meta":{"desktop":{"background-color":"var(--ast-global-color-5)","background-image":"","background-repeat":"repeat","background-position":"center center","background-size":"auto","background-attachment":"scroll","background-type":"","background-media":"","overlay-type":"","overlay-color":"","overlay-opacity":"","overlay-gradient":""},"tablet":{"background-color":"var(--ast-global-color-5)","background-image":"","background-repeat":"repeat","background-position":"center center","background-size":"auto","background-attachment":"scroll","background-type":"","background-media":"","overlay-type":"","overlay-color":"","overlay-opacity":"","overlay-gradient":""},"mobile":{"background-color":"var(--ast-global-color-5)","background-image":"","background-repeat":"repeat","background-position":"center center","background-size":"auto","background-attachment":"scroll","background-type":"","background-media":"","overlay-type":"","overlay-color":"","overlay-opacity":"","overlay-gradient":""}}},"product_brand":[],"product_cat":[2658,2659,2657],"product_tag":[2622,2625],"class_list":{"0":"post-50202","1":"product","2":"type-product","3":"status-publish","4":"has-post-thumbnail","6":"product_cat-60-anni","7":"product_cat-aprile","8":"product_cat-diamante","9":"product_tag-fidanzamento","10":"product_tag-investimento","11":"pa_couleur-bianco","12":"pa_forme-rotonda","13":"desktop-align-left","14":"tablet-align-left","15":"mobile-align-left","17":"first","18":"instock","19":"shipping-taxable","20":"purchasable","21":"product-type-simple"},"_links":{"self":[{"href":"https:\/\/caratdiamond.ch\/it\/wp-json\/wp\/v2\/product\/50202","targetHints":{"allow":["GET"]}}],"collection":[{"href":"https:\/\/caratdiamond.ch\/it\/wp-json\/wp\/v2\/product"}],"about":[{"href":"https:\/\/caratdiamond.ch\/it\/wp-json\/wp\/v2\/types\/product"}],"replies":[{"embeddable":true,"href":"https:\/\/caratdiamond.ch\/it\/wp-json\/wp\/v2\/comments?post=50202"}],"wp:featuredmedia":[{"embeddable":true,"href":"https:\/\/caratdiamond.ch\/it\/wp-json\/wp\/v2\/media\/40188"}],"wp:attachment":[{"href":"https:\/\/caratdiamond.ch\/it\/wp-json\/wp\/v2\/media?parent=50202"}],"wp:term":[{"taxonomy":"product_brand","embeddable":true,"href":"https:\/\/caratdiamond.ch\/it\/wp-json\/wp\/v2\/product_brand?post=50202"},{"taxonomy":"product_cat","embeddable":true,"href":"https:\/\/caratdiamond.ch\/it\/wp-json\/wp\/v2\/product_cat?post=50202"},{"taxonomy":"product_tag","embeddable":true,"href":"https:\/\/caratdiamond.ch\/it\/wp-json\/wp\/v2\/product_tag?post=50202"}],"curies":[{"name":"wp","href":"https:\/\/api.w.org\/{rel}","templated":true}]}}