{"id":50193,"date":"2020-11-16T11:15:40","date_gmt":"2020-11-16T10:15:40","guid":{"rendered":"https:\/\/caratdiamond.ch\/produit\/ametista-068ct\/"},"modified":"2020-11-16T11:15:40","modified_gmt":"2020-11-16T10:15:40","slug":"ametista-068ct","status":"publish","type":"product","link":"https:\/\/caratdiamond.ch\/it\/produit\/ametista-068ct\/","title":{"rendered":"Ametista 0,68ct"},"content":{"rendered":"<p>L&#8217;ametista calma il corpo, riduce i nervi ansiosi e l&#8217;irrequietezza. Rilasser\u00e0 i muscoli e vi aiuter\u00e0 immediatamente a sentirvi pi\u00f9 rilassati e sereni. Nella mitologia \u00e8 noto come &#8220;antidoto all&#8217;ubriachezza&#8221;. I Romani li usavano per fare bicchieri da vino. L&#8217;ametista adorna anche i gioielli dei sacerdoti: l&#8217;idea \u00e8 che protegga dall&#8217;ubriachezza ma favorisca anche il celibato. Simboleggia 48 anni di matrimonio ed \u00e8 la pietra natale di febbraio.<\/p>\n","protected":false},"excerpt":{"rendered":"<p>Art.774<br \/>\n  diametro 5,7 mm, altezza 3,7 mm<\/p>\n","protected":false},"featured_media":40122,"comment_status":"open","ping_status":"closed","template":"","meta":{"site-sidebar-layout":"default","site-content-layout":"","ast-site-content-layout":"","site-content-style":"default","site-sidebar-style":"default","ast-global-header-display":"","ast-banner-title-visibility":"","ast-main-header-display":"","ast-hfb-above-header-display":"","ast-hfb-below-header-display":"","ast-hfb-mobile-header-display":"","site-post-title":"","ast-breadcrumbs-content":"","ast-featured-img":"","footer-sml-layout":"","theme-transparent-header-meta":"","adv-header-id-meta":"","stick-header-meta":"","header-above-stick-meta":"","header-main-stick-meta":"","header-below-stick-meta":"","astra-migrate-meta-layouts":"default","ast-page-background-enabled":"default","ast-page-background-meta":{"desktop":{"background-color":"","background-image":"","background-repeat":"repeat","background-position":"center center","background-size":"auto","background-attachment":"scroll","background-type":"","background-media":"","overlay-type":"","overlay-color":"","overlay-opacity":"","overlay-gradient":""},"tablet":{"background-color":"","background-image":"","background-repeat":"repeat","background-position":"center center","background-size":"auto","background-attachment":"scroll","background-type":"","background-media":"","overlay-type":"","overlay-color":"","overlay-opacity":"","overlay-gradient":""},"mobile":{"background-color":"","background-image":"","background-repeat":"repeat","background-position":"center center","background-size":"auto","background-attachment":"scroll","background-type":"","background-media":"","overlay-type":"","overlay-color":"","overlay-opacity":"","overlay-gradient":""}},"ast-content-background-meta":{"desktop":{"background-color":"var(--ast-global-color-5)","background-image":"","background-repeat":"repeat","background-position":"center center","background-size":"auto","background-attachment":"scroll","background-type":"","background-media":"","overlay-type":"","overlay-color":"","overlay-opacity":"","overlay-gradient":""},"tablet":{"background-color":"var(--ast-global-color-5)","background-image":"","background-repeat":"repeat","background-position":"center center","background-size":"auto","background-attachment":"scroll","background-type":"","background-media":"","overlay-type":"","overlay-color":"","overlay-opacity":"","overlay-gradient":""},"mobile":{"background-color":"var(--ast-global-color-5)","background-image":"","background-repeat":"repeat","background-position":"center center","background-size":"auto","background-attachment":"scroll","background-type":"","background-media":"","overlay-type":"","overlay-color":"","overlay-opacity":"","overlay-gradient":""}}},"product_brand":[],"product_cat":[2594,2786,2791,2789],"product_tag":[2625],"class_list":{"0":"post-50193","1":"product","2":"type-product","3":"status-publish","4":"has-post-thumbnail","6":"product_cat-pietre","7":"product_cat-48-anni","8":"product_cat-ametista","9":"product_cat-febbraio","10":"product_tag-investimento","11":"desktop-align-left","12":"tablet-align-left","13":"mobile-align-left","15":"first","16":"instock","17":"shipping-taxable","18":"purchasable","19":"product-type-simple"},"_links":{"self":[{"href":"https:\/\/caratdiamond.ch\/it\/wp-json\/wp\/v2\/product\/50193","targetHints":{"allow":["GET"]}}],"collection":[{"href":"https:\/\/caratdiamond.ch\/it\/wp-json\/wp\/v2\/product"}],"about":[{"href":"https:\/\/caratdiamond.ch\/it\/wp-json\/wp\/v2\/types\/product"}],"replies":[{"embeddable":true,"href":"https:\/\/caratdiamond.ch\/it\/wp-json\/wp\/v2\/comments?post=50193"}],"wp:featuredmedia":[{"embeddable":true,"href":"https:\/\/caratdiamond.ch\/it\/wp-json\/wp\/v2\/media\/40122"}],"wp:attachment":[{"href":"https:\/\/caratdiamond.ch\/it\/wp-json\/wp\/v2\/media?parent=50193"}],"wp:term":[{"taxonomy":"product_brand","embeddable":true,"href":"https:\/\/caratdiamond.ch\/it\/wp-json\/wp\/v2\/product_brand?post=50193"},{"taxonomy":"product_cat","embeddable":true,"href":"https:\/\/caratdiamond.ch\/it\/wp-json\/wp\/v2\/product_cat?post=50193"},{"taxonomy":"product_tag","embeddable":true,"href":"https:\/\/caratdiamond.ch\/it\/wp-json\/wp\/v2\/product_tag?post=50193"}],"curies":[{"name":"wp","href":"https:\/\/api.w.org\/{rel}","templated":true}]}}