{"id":43935,"date":"2022-10-08T09:57:22","date_gmt":"2022-10-08T07:57:22","guid":{"rendered":"https:\/\/caratdiamond.ch\/produit\/diamante-rotondo-036-ct\/"},"modified":"2022-10-25T13:57:08","modified_gmt":"2022-10-25T11:57:08","slug":"diamante-rond-0-36ct","status":"publish","type":"product","link":"https:\/\/caratdiamond.ch\/it\/produit\/diamante-rond-0-36ct\/","title":{"rendered":"Diamante rotondo 0,36 ct"},"content":{"rendered":"<p>Il materiale pi\u00f9 duro conosciuto dall&#8217;uomo, simboleggia i 60 anni di matrimonio ed \u00e8 la pietra natale di aprile. Protegge dai &#8220;cattivi incantesimi&#8221;, simboleggia l&#8217;invincibilit\u00e0 e ha un elevato potere curativo.<\/p>\n<p><a href=\"http:\/\/www.caratdiamond.ch\/diamant\">Per saperne di pi\u00f9 sui diamanti<\/a><\/p>\n","protected":false},"excerpt":{"rendered":"<p>Diamante rotondo 0,36 ct<\/p>\n<p>Purezza: VS<\/p>\n<p>Colore: TW<\/p>\n<p>Diametro: 4,5 mm<\/p>\n<p>Art.780<\/p>\n<p>Collana e orecchini disponibili su <a href=\"http:\/\/www.akhal.ch\">www.akhal.ch<\/a><\/p>\n<p>&nbsp;<\/p>\n","protected":false},"featured_media":43934,"comment_status":"open","ping_status":"closed","template":"","meta":{"site-sidebar-layout":"default","site-content-layout":"default","ast-site-content-layout":"","site-content-style":"default","site-sidebar-style":"default","ast-global-header-display":"","ast-banner-title-visibility":"","ast-main-header-display":"","ast-hfb-above-header-display":"","ast-hfb-below-header-display":"","ast-hfb-mobile-header-display":"","site-post-title":"","ast-breadcrumbs-content":"","ast-featured-img":"","footer-sml-layout":"","theme-transparent-header-meta":"default","adv-header-id-meta":"","stick-header-meta":"","header-above-stick-meta":"","header-main-stick-meta":"","header-below-stick-meta":"","astra-migrate-meta-layouts":"default","ast-page-background-enabled":"default","ast-page-background-meta":{"desktop":{"background-color":"","background-image":"","background-repeat":"repeat","background-position":"center center","background-size":"auto","background-attachment":"scroll","background-type":"","background-media":"","overlay-type":"","overlay-color":"","overlay-opacity":"","overlay-gradient":""},"tablet":{"background-color":"","background-image":"","background-repeat":"repeat","background-position":"center center","background-size":"auto","background-attachment":"scroll","background-type":"","background-media":"","overlay-type":"","overlay-color":"","overlay-opacity":"","overlay-gradient":""},"mobile":{"background-color":"","background-image":"","background-repeat":"repeat","background-position":"center center","background-size":"auto","background-attachment":"scroll","background-type":"","background-media":"","overlay-type":"","overlay-color":"","overlay-opacity":"","overlay-gradient":""}},"ast-content-background-meta":{"desktop":{"background-color":"var(--ast-global-color-5)","background-image":"","background-repeat":"repeat","background-position":"center center","background-size":"auto","background-attachment":"scroll","background-type":"","background-media":"","overlay-type":"","overlay-color":"","overlay-opacity":"","overlay-gradient":""},"tablet":{"background-color":"var(--ast-global-color-5)","background-image":"","background-repeat":"repeat","background-position":"center center","background-size":"auto","background-attachment":"scroll","background-type":"","background-media":"","overlay-type":"","overlay-color":"","overlay-opacity":"","overlay-gradient":""},"mobile":{"background-color":"var(--ast-global-color-5)","background-image":"","background-repeat":"repeat","background-position":"center center","background-size":"auto","background-attachment":"scroll","background-type":"","background-media":"","overlay-type":"","overlay-color":"","overlay-opacity":"","overlay-gradient":""}}},"product_brand":[],"product_cat":[2658,2659,2657,2843,2831],"product_tag":[2622,2625],"class_list":{"0":"post-43935","1":"product","2":"type-product","3":"status-publish","4":"has-post-thumbnail","6":"product_cat-60-anni","7":"product_cat-aprile","8":"product_cat-diamante","9":"product_cat-ciondoli","10":"product_cat-joielli","11":"product_tag-fidanzamento","12":"product_tag-investimento","13":"pa_couleur-bianco","14":"pa_forme-rotonda","15":"pa_pierre-seule-ou-bijou-ciondolo","16":"pa_pierre-seule-ou-bijou-nulla","17":"pa_pierre-seule-ou-bijou-orecchini","18":"desktop-align-left","19":"tablet-align-left","20":"mobile-align-left","22":"first","23":"instock","24":"featured","25":"shipping-taxable","26":"purchasable","27":"product-type-variable"},"_links":{"self":[{"href":"https:\/\/caratdiamond.ch\/it\/wp-json\/wp\/v2\/product\/43935","targetHints":{"allow":["GET"]}}],"collection":[{"href":"https:\/\/caratdiamond.ch\/it\/wp-json\/wp\/v2\/product"}],"about":[{"href":"https:\/\/caratdiamond.ch\/it\/wp-json\/wp\/v2\/types\/product"}],"replies":[{"embeddable":true,"href":"https:\/\/caratdiamond.ch\/it\/wp-json\/wp\/v2\/comments?post=43935"}],"wp:featuredmedia":[{"embeddable":true,"href":"https:\/\/caratdiamond.ch\/it\/wp-json\/wp\/v2\/media\/43934"}],"wp:attachment":[{"href":"https:\/\/caratdiamond.ch\/it\/wp-json\/wp\/v2\/media?parent=43935"}],"wp:term":[{"taxonomy":"product_brand","embeddable":true,"href":"https:\/\/caratdiamond.ch\/it\/wp-json\/wp\/v2\/product_brand?post=43935"},{"taxonomy":"product_cat","embeddable":true,"href":"https:\/\/caratdiamond.ch\/it\/wp-json\/wp\/v2\/product_cat?post=43935"},{"taxonomy":"product_tag","embeddable":true,"href":"https:\/\/caratdiamond.ch\/it\/wp-json\/wp\/v2\/product_tag?post=43935"}],"curies":[{"name":"wp","href":"https:\/\/api.w.org\/{rel}","templated":true}]}}