{"id":50189,"date":"2020-11-16T10:49:31","date_gmt":"2020-11-16T09:49:31","guid":{"rendered":"https:\/\/caratdiamond.ch\/produit\/roter-spinell-0-89ct\/"},"modified":"2020-11-16T10:49:31","modified_gmt":"2020-11-16T09:49:31","slug":"roter-spinell-0-89ct","status":"publish","type":"product","link":"https:\/\/caratdiamond.ch\/de\/produit\/roter-spinell-0-89ct\/","title":{"rendered":"Roter Spinell 0.89ct"},"content":{"rendered":"<h4>Spinell<\/h4>\n<p>Er verbindet sich mit dem Peridot f\u00fcr den Geburtsstein des Monats August, er symbolisiert 22 Jahre Ehe.<br \/>\nEs verringert das Ego und f\u00f6rdert den Altruismus. Wie die meisten roten Steine f\u00f6rdert der Spinell Leidenschaft, Hingabe und Langlebigkeit. Spinell wird mit dem Wurzelchakra in Verbindung gebracht, was ihn wirksam zur Steigerung der k\u00f6rperlichen Energie und Ausdauer macht.<\/p>\n<p><a href=\"https:\/\/caratdiamond.ch\/guide-des-pierres\/\" target=\"_blank\" rel=\"noopener\">mehr lesen<\/a><\/p>\n","protected":false},"excerpt":{"rendered":"<p>Ein roter Spinell 0,89ct von guter Qualit\u00e4t.<\/p>\n<p>Sehr h\u00fcbscher Stein, um einen Ring oder Anh\u00e4nger zu schm\u00fccken, kann mit Diamanten verziert werden, um ihn hervorzuheben.<\/p>\n<p>Durchmesser :<\/p>\n<p>Art.102<\/p>\n","protected":false},"featured_media":40100,"comment_status":"open","ping_status":"closed","template":"","meta":{"site-sidebar-layout":"default","site-content-layout":"default","ast-site-content-layout":"","site-content-style":"default","site-sidebar-style":"default","ast-global-header-display":"","ast-banner-title-visibility":"","ast-main-header-display":"","ast-hfb-above-header-display":"","ast-hfb-below-header-display":"","ast-hfb-mobile-header-display":"","site-post-title":"","ast-breadcrumbs-content":"","ast-featured-img":"","footer-sml-layout":"","theme-transparent-header-meta":"default","adv-header-id-meta":"","stick-header-meta":"","header-above-stick-meta":"","header-main-stick-meta":"","header-below-stick-meta":"","astra-migrate-meta-layouts":"default","ast-page-background-enabled":"default","ast-page-background-meta":{"desktop":{"background-color":"","background-image":"","background-repeat":"repeat","background-position":"center center","background-size":"auto","background-attachment":"scroll","background-type":"","background-media":"","overlay-type":"","overlay-color":"","overlay-opacity":"","overlay-gradient":""},"tablet":{"background-color":"","background-image":"","background-repeat":"repeat","background-position":"center center","background-size":"auto","background-attachment":"scroll","background-type":"","background-media":"","overlay-type":"","overlay-color":"","overlay-opacity":"","overlay-gradient":""},"mobile":{"background-color":"","background-image":"","background-repeat":"repeat","background-position":"center center","background-size":"auto","background-attachment":"scroll","background-type":"","background-media":"","overlay-type":"","overlay-color":"","overlay-opacity":"","overlay-gradient":""}},"ast-content-background-meta":{"desktop":{"background-color":"var(--ast-global-color-5)","background-image":"","background-repeat":"repeat","background-position":"center center","background-size":"auto","background-attachment":"scroll","background-type":"","background-media":"","overlay-type":"","overlay-color":"","overlay-opacity":"","overlay-gradient":""},"tablet":{"background-color":"var(--ast-global-color-5)","background-image":"","background-repeat":"repeat","background-position":"center center","background-size":"auto","background-attachment":"scroll","background-type":"","background-media":"","overlay-type":"","overlay-color":"","overlay-opacity":"","overlay-gradient":""},"mobile":{"background-color":"var(--ast-global-color-5)","background-image":"","background-repeat":"repeat","background-position":"center center","background-size":"auto","background-attachment":"scroll","background-type":"","background-media":"","overlay-type":"","overlay-color":"","overlay-opacity":"","overlay-gradient":""}}},"product_brand":[],"product_cat":[2721,2722,2720],"product_tag":[2645],"class_list":{"0":"post-50189","1":"product","2":"type-product","3":"status-publish","4":"has-post-thumbnail","6":"product_cat-23-jahre","7":"product_cat-august","8":"product_cat-spinell","9":"product_tag-investition","10":"pa_couleur-rot","11":"pa_forme-runde","12":"desktop-align-left","13":"tablet-align-left","14":"mobile-align-left","16":"first","17":"instock","18":"shipping-taxable","19":"purchasable","20":"product-type-simple"},"_links":{"self":[{"href":"https:\/\/caratdiamond.ch\/de\/wp-json\/wp\/v2\/product\/50189","targetHints":{"allow":["GET"]}}],"collection":[{"href":"https:\/\/caratdiamond.ch\/de\/wp-json\/wp\/v2\/product"}],"about":[{"href":"https:\/\/caratdiamond.ch\/de\/wp-json\/wp\/v2\/types\/product"}],"replies":[{"embeddable":true,"href":"https:\/\/caratdiamond.ch\/de\/wp-json\/wp\/v2\/comments?post=50189"}],"wp:featuredmedia":[{"embeddable":true,"href":"https:\/\/caratdiamond.ch\/de\/wp-json\/wp\/v2\/media\/40100"}],"wp:attachment":[{"href":"https:\/\/caratdiamond.ch\/de\/wp-json\/wp\/v2\/media?parent=50189"}],"wp:term":[{"taxonomy":"product_brand","embeddable":true,"href":"https:\/\/caratdiamond.ch\/de\/wp-json\/wp\/v2\/product_brand?post=50189"},{"taxonomy":"product_cat","embeddable":true,"href":"https:\/\/caratdiamond.ch\/de\/wp-json\/wp\/v2\/product_cat?post=50189"},{"taxonomy":"product_tag","embeddable":true,"href":"https:\/\/caratdiamond.ch\/de\/wp-json\/wp\/v2\/product_tag?post=50189"}],"curies":[{"name":"wp","href":"https:\/\/api.w.org\/{rel}","templated":true}]}}