{"id":46950,"date":"2023-01-14T21:16:58","date_gmt":"2023-01-14T20:16:58","guid":{"rendered":"https:\/\/caratdiamond.ch\/produit\/ring-akhal\/"},"modified":"2023-01-14T21:16:58","modified_gmt":"2023-01-14T20:16:58","slug":"ring-akhal","status":"publish","type":"product","link":"https:\/\/caratdiamond.ch\/de\/produit\/ring-akhal\/","title":{"rendered":"Ring Akhal"},"content":{"rendered":"<p>Akhal entstand aus unserer Leidenschaft f\u00fcr Pferde und f\u00fcr Edel- und Schmucksteine. Die Akhal Tek\u00e9 sind eine Pferderasse, die sich durch ihre au\u00dfergew\u00f6hnliche Sch\u00f6nheit und ein besonders gl\u00e4nzendes Fell auszeichnet. Das System, mit dem der Stein ausgetauscht werden kann, stammt ebenfalls aus der Welt des Pferdesports, es handelt sich um ein System zum Schlie\u00dfen von Parkschranken.<\/p>\n<p>Die Idee dahinter ist, dass Sie ein Schmuckst\u00fcck mit mehreren Steinen verzieren k\u00f6nnen, ganz nach Ihren W\u00fcnschen. Dies erm\u00f6glicht die Demokratisierung des nat\u00fcrlichen Schmucksteins und Edelstein.<\/p>\n","protected":false},"excerpt":{"rendered":"<p>Lassen Sie sich von dem Akhal-Ring verf\u00fchren, bei dem Sie den eingefassten Stein nach Lust und Laune wechseln k\u00f6nnen. Stellen Sie sich Ihren Ring selbst zusammen, indem Sie den untenstehenden Konfigurator verwenden.<\/p>\n<p><a title=\"Ringgr\u00f6ssen Tabelle zum Herunterladen\" href=\"https:\/\/akhal.ch\/wp-content\/uploads\/2022\/12\/taille-bagues-CDE.pdf\" target=\"_blank\" rel=\"noopener\">Um Ihre<strong> Fingergr\u00f6\u00dfe<\/strong> zu ermitteln, k\u00f6nnen Sie unsere Ringgr\u00f6ssen Tabelle zum Herunterladen verwenden.<\/a><\/p>\n","protected":false},"featured_media":47539,"comment_status":"open","ping_status":"closed","template":"","meta":{"site-sidebar-layout":"default","site-content-layout":"default","ast-site-content-layout":"","site-content-style":"default","site-sidebar-style":"default","ast-global-header-display":"","ast-banner-title-visibility":"","ast-main-header-display":"","ast-hfb-above-header-display":"","ast-hfb-below-header-display":"","ast-hfb-mobile-header-display":"","site-post-title":"","ast-breadcrumbs-content":"","ast-featured-img":"","footer-sml-layout":"","theme-transparent-header-meta":"default","adv-header-id-meta":"","stick-header-meta":"","header-above-stick-meta":"","header-main-stick-meta":"","header-below-stick-meta":"","astra-migrate-meta-layouts":"default","ast-page-background-enabled":"default","ast-page-background-meta":{"desktop":{"background-color":"","background-image":"","background-repeat":"repeat","background-position":"center center","background-size":"auto","background-attachment":"scroll","background-type":"","background-media":"","overlay-type":"","overlay-color":"","overlay-opacity":"","overlay-gradient":""},"tablet":{"background-color":"","background-image":"","background-repeat":"repeat","background-position":"center center","background-size":"auto","background-attachment":"scroll","background-type":"","background-media":"","overlay-type":"","overlay-color":"","overlay-opacity":"","overlay-gradient":""},"mobile":{"background-color":"","background-image":"","background-repeat":"repeat","background-position":"center center","background-size":"auto","background-attachment":"scroll","background-type":"","background-media":"","overlay-type":"","overlay-color":"","overlay-opacity":"","overlay-gradient":""}},"ast-content-background-meta":{"desktop":{"background-color":"var(--ast-global-color-5)","background-image":"","background-repeat":"repeat","background-position":"center center","background-size":"auto","background-attachment":"scroll","background-type":"","background-media":"","overlay-type":"","overlay-color":"","overlay-opacity":"","overlay-gradient":""},"tablet":{"background-color":"var(--ast-global-color-5)","background-image":"","background-repeat":"repeat","background-position":"center center","background-size":"auto","background-attachment":"scroll","background-type":"","background-media":"","overlay-type":"","overlay-color":"","overlay-opacity":"","overlay-gradient":""},"mobile":{"background-color":"var(--ast-global-color-5)","background-image":"","background-repeat":"repeat","background-position":"center center","background-size":"auto","background-attachment":"scroll","background-type":"","background-media":"","overlay-type":"","overlay-color":"","overlay-opacity":"","overlay-gradient":""}}},"product_brand":[],"product_cat":[2937,2649,2833,2830],"product_tag":[2938,2848],"class_list":{"0":"post-46950","1":"product","2":"type-product","3":"status-publish","4":"has-post-thumbnail","6":"product_cat-akhal-de","7":"product_cat-steine","8":"product_cat-ringe","9":"product_cat-schmuck","10":"product_tag-akhal-de","11":"product_tag-geschenk","12":"desktop-align-left","13":"tablet-align-left","14":"mobile-align-left","16":"first","17":"instock","18":"featured","19":"shipping-taxable","20":"purchasable","21":"product-type-simple"},"_links":{"self":[{"href":"https:\/\/caratdiamond.ch\/de\/wp-json\/wp\/v2\/product\/46950","targetHints":{"allow":["GET"]}}],"collection":[{"href":"https:\/\/caratdiamond.ch\/de\/wp-json\/wp\/v2\/product"}],"about":[{"href":"https:\/\/caratdiamond.ch\/de\/wp-json\/wp\/v2\/types\/product"}],"replies":[{"embeddable":true,"href":"https:\/\/caratdiamond.ch\/de\/wp-json\/wp\/v2\/comments?post=46950"}],"wp:featuredmedia":[{"embeddable":true,"href":"https:\/\/caratdiamond.ch\/de\/wp-json\/wp\/v2\/media\/47539"}],"wp:attachment":[{"href":"https:\/\/caratdiamond.ch\/de\/wp-json\/wp\/v2\/media?parent=46950"}],"wp:term":[{"taxonomy":"product_brand","embeddable":true,"href":"https:\/\/caratdiamond.ch\/de\/wp-json\/wp\/v2\/product_brand?post=46950"},{"taxonomy":"product_cat","embeddable":true,"href":"https:\/\/caratdiamond.ch\/de\/wp-json\/wp\/v2\/product_cat?post=46950"},{"taxonomy":"product_tag","embeddable":true,"href":"https:\/\/caratdiamond.ch\/de\/wp-json\/wp\/v2\/product_tag?post=46950"}],"curies":[{"name":"wp","href":"https:\/\/api.w.org\/{rel}","templated":true}]}}