{"id":44821,"date":"2020-12-29T17:02:04","date_gmt":"2020-12-29T16:02:04","guid":{"rendered":"https:\/\/caratdiamond.ch\/produit\/turmalin-2-73ct\/"},"modified":"2022-10-25T17:03:22","modified_gmt":"2022-10-25T15:03:22","slug":"tourmaline-92","status":"publish","type":"product","link":"https:\/\/caratdiamond.ch\/de\/produit\/tourmaline-92\/","title":{"rendered":"Turmalin 2.73ct"},"content":{"rendered":"<p>Der Turmalin ist der Geburtsstein des Monats Januar und symbolisiert 52 Ehejahre.<br \/>\nDer Turmalin pretand der Inspiration des K\u00fcnstlers H\u00f6henfl\u00fcge verleihen.<\/p>\n","protected":false},"excerpt":{"rendered":"<p>Rosa Turmalin, (heller Cognac) , gute Reinheit, runde Form<\/p>\n<p>Abmessungen: Durchmesser: 9.1 mm \/ H\u00f6he: 4.8 mm<\/p>\n<p>Nicht behandelt<br \/>\nArt.122-1<\/p>\n","protected":false},"featured_media":41200,"comment_status":"open","ping_status":"closed","template":"","meta":{"site-sidebar-layout":"default","site-content-layout":"default","ast-site-content-layout":"","site-content-style":"default","site-sidebar-style":"default","ast-global-header-display":"","ast-banner-title-visibility":"","ast-main-header-display":"","ast-hfb-above-header-display":"","ast-hfb-below-header-display":"","ast-hfb-mobile-header-display":"","site-post-title":"","ast-breadcrumbs-content":"","ast-featured-img":"","footer-sml-layout":"","theme-transparent-header-meta":"default","adv-header-id-meta":"","stick-header-meta":"","header-above-stick-meta":"","header-main-stick-meta":"","header-below-stick-meta":"","astra-migrate-meta-layouts":"default","ast-page-background-enabled":"default","ast-page-background-meta":{"desktop":{"background-color":"","background-image":"","background-repeat":"repeat","background-position":"center center","background-size":"auto","background-attachment":"scroll","background-type":"","background-media":"","overlay-type":"","overlay-color":"","overlay-opacity":"","overlay-gradient":""},"tablet":{"background-color":"","background-image":"","background-repeat":"repeat","background-position":"center center","background-size":"auto","background-attachment":"scroll","background-type":"","background-media":"","overlay-type":"","overlay-color":"","overlay-opacity":"","overlay-gradient":""},"mobile":{"background-color":"","background-image":"","background-repeat":"repeat","background-position":"center center","background-size":"auto","background-attachment":"scroll","background-type":"","background-media":"","overlay-type":"","overlay-color":"","overlay-opacity":"","overlay-gradient":""}},"ast-content-background-meta":{"desktop":{"background-color":"var(--ast-global-color-5)","background-image":"","background-repeat":"repeat","background-position":"center center","background-size":"auto","background-attachment":"scroll","background-type":"","background-media":"","overlay-type":"","overlay-color":"","overlay-opacity":"","overlay-gradient":""},"tablet":{"background-color":"var(--ast-global-color-5)","background-image":"","background-repeat":"repeat","background-position":"center center","background-size":"auto","background-attachment":"scroll","background-type":"","background-media":"","overlay-type":"","overlay-color":"","overlay-opacity":"","overlay-gradient":""},"mobile":{"background-color":"var(--ast-global-color-5)","background-image":"","background-repeat":"repeat","background-position":"center center","background-size":"auto","background-attachment":"scroll","background-type":"","background-media":"","overlay-type":"","overlay-color":"","overlay-opacity":"","overlay-gradient":""}}},"product_brand":[],"product_cat":[2764,2682,2765,2762],"product_tag":[2645,2687],"class_list":{"0":"post-44821","1":"product","2":"type-product","3":"status-publish","4":"has-post-thumbnail","6":"product_cat-52-jahre","7":"product_cat-investition","8":"product_cat-oktober","9":"product_cat-turmalin","10":"product_tag-investition","11":"product_tag-stein","12":"pa_couleur-rose-de","13":"pa_forme-runde","14":"desktop-align-left","15":"tablet-align-left","16":"mobile-align-left","18":"first","19":"instock","20":"shipping-taxable","21":"purchasable","22":"product-type-simple"},"_links":{"self":[{"href":"https:\/\/caratdiamond.ch\/de\/wp-json\/wp\/v2\/product\/44821","targetHints":{"allow":["GET"]}}],"collection":[{"href":"https:\/\/caratdiamond.ch\/de\/wp-json\/wp\/v2\/product"}],"about":[{"href":"https:\/\/caratdiamond.ch\/de\/wp-json\/wp\/v2\/types\/product"}],"replies":[{"embeddable":true,"href":"https:\/\/caratdiamond.ch\/de\/wp-json\/wp\/v2\/comments?post=44821"}],"wp:featuredmedia":[{"embeddable":true,"href":"https:\/\/caratdiamond.ch\/de\/wp-json\/wp\/v2\/media\/41200"}],"wp:attachment":[{"href":"https:\/\/caratdiamond.ch\/de\/wp-json\/wp\/v2\/media?parent=44821"}],"wp:term":[{"taxonomy":"product_brand","embeddable":true,"href":"https:\/\/caratdiamond.ch\/de\/wp-json\/wp\/v2\/product_brand?post=44821"},{"taxonomy":"product_cat","embeddable":true,"href":"https:\/\/caratdiamond.ch\/de\/wp-json\/wp\/v2\/product_cat?post=44821"},{"taxonomy":"product_tag","embeddable":true,"href":"https:\/\/caratdiamond.ch\/de\/wp-json\/wp\/v2\/product_tag?post=44821"}],"curies":[{"name":"wp","href":"https:\/\/api.w.org\/{rel}","templated":true}]}}