{"id":43020,"date":"2021-11-27T18:29:54","date_gmt":"2021-11-27T17:29:54","guid":{"rendered":"https:\/\/caratdiamond.ch\/produit\/granat-1-29ct\/"},"modified":"2021-11-27T18:29:54","modified_gmt":"2021-11-27T17:29:54","slug":"granat-1-29ct","status":"publish","type":"product","link":"https:\/\/caratdiamond.ch\/de\/produit\/granat-1-29ct\/","title":{"rendered":"Granat 1.29ct"},"content":{"rendered":"<p>Der Granat ist der Geburtsstein f\u00fcr den Monat Januar und symbolisiert die 6- und 82-j\u00e4hrige Ehe.<\/p>\n<p data-pm-slice=\"1 1 []\">Er gleicht aus, st\u00e4rkt und sch\u00fctzt. Es ist eine starke Energiequelle. Der Granat ist ein Gl\u00fccksbringer und erweckt Selbstvertrauen, was zu einem gl\u00fccklichen und ausgeglichenen Leben f\u00fchrt.<\/p>\n<p data-pm-slice=\"1 1 []\">Er symbolisiert Vertrauen, Freundschaft und Liebe.<\/p>\n<p data-pm-slice=\"1 1 []\">Historisch wurde er auch als B\u00f6hmischer Rubin bezeichnet, ebenso wie der Rosenquarz, aber diese Bezeichnung ist heute veraltet, um ihn nicht mit dem Rubin zu verwechseln.<\/p>\n<p data-pm-slice=\"1 1 []\">Es entsteht durch hohen Druck und Hitze und ist meist in vulkanischen Gebieten zu finden.<\/p>\n<p data-pm-slice=\"1 1 []\">\n","protected":false},"excerpt":{"rendered":"<p>Sehr sch\u00f6ner Granat 1.29ct<\/p>\n<p>Intensives, tiefes Rot<\/p>\n<p>n\u00b0 803<\/p>\n","protected":false},"featured_media":41233,"comment_status":"open","ping_status":"closed","template":"","meta":{"site-sidebar-layout":"default","site-content-layout":"default","ast-site-content-layout":"","site-content-style":"default","site-sidebar-style":"default","ast-global-header-display":"","ast-banner-title-visibility":"","ast-main-header-display":"","ast-hfb-above-header-display":"","ast-hfb-below-header-display":"","ast-hfb-mobile-header-display":"","site-post-title":"","ast-breadcrumbs-content":"","ast-featured-img":"","footer-sml-layout":"","theme-transparent-header-meta":"default","adv-header-id-meta":"","stick-header-meta":"","header-above-stick-meta":"","header-main-stick-meta":"","header-below-stick-meta":"","astra-migrate-meta-layouts":"default","ast-page-background-enabled":"default","ast-page-background-meta":{"desktop":{"background-color":"","background-image":"","background-repeat":"repeat","background-position":"center center","background-size":"auto","background-attachment":"scroll","background-type":"","background-media":"","overlay-type":"","overlay-color":"","overlay-opacity":"","overlay-gradient":""},"tablet":{"background-color":"","background-image":"","background-repeat":"repeat","background-position":"center center","background-size":"auto","background-attachment":"scroll","background-type":"","background-media":"","overlay-type":"","overlay-color":"","overlay-opacity":"","overlay-gradient":""},"mobile":{"background-color":"","background-image":"","background-repeat":"repeat","background-position":"center center","background-size":"auto","background-attachment":"scroll","background-type":"","background-media":"","overlay-type":"","overlay-color":"","overlay-opacity":"","overlay-gradient":""}},"ast-content-background-meta":{"desktop":{"background-color":"var(--ast-global-color-5)","background-image":"","background-repeat":"repeat","background-position":"center center","background-size":"auto","background-attachment":"scroll","background-type":"","background-media":"","overlay-type":"","overlay-color":"","overlay-opacity":"","overlay-gradient":""},"tablet":{"background-color":"var(--ast-global-color-5)","background-image":"","background-repeat":"repeat","background-position":"center center","background-size":"auto","background-attachment":"scroll","background-type":"","background-media":"","overlay-type":"","overlay-color":"","overlay-opacity":"","overlay-gradient":""},"mobile":{"background-color":"var(--ast-global-color-5)","background-image":"","background-repeat":"repeat","background-position":"center center","background-size":"auto","background-attachment":"scroll","background-type":"","background-media":"","overlay-type":"","overlay-color":"","overlay-opacity":"","overlay-gradient":""}}},"product_brand":[],"product_cat":[2699,2697,2682,2701],"product_tag":[2645],"class_list":{"0":"post-43020","1":"product","2":"type-product","3":"status-publish","4":"has-post-thumbnail","6":"product_cat-82-jahre","7":"product_cat-granat","8":"product_cat-investition","9":"product_cat-januar","10":"product_tag-investition","11":"pa_couleur-rot","12":"pa_forme-runde","13":"desktop-align-left","14":"tablet-align-left","15":"mobile-align-left","17":"first","18":"instock","19":"shipping-taxable","20":"purchasable","21":"product-type-simple"},"_links":{"self":[{"href":"https:\/\/caratdiamond.ch\/de\/wp-json\/wp\/v2\/product\/43020","targetHints":{"allow":["GET"]}}],"collection":[{"href":"https:\/\/caratdiamond.ch\/de\/wp-json\/wp\/v2\/product"}],"about":[{"href":"https:\/\/caratdiamond.ch\/de\/wp-json\/wp\/v2\/types\/product"}],"replies":[{"embeddable":true,"href":"https:\/\/caratdiamond.ch\/de\/wp-json\/wp\/v2\/comments?post=43020"}],"wp:featuredmedia":[{"embeddable":true,"href":"https:\/\/caratdiamond.ch\/de\/wp-json\/wp\/v2\/media\/41233"}],"wp:attachment":[{"href":"https:\/\/caratdiamond.ch\/de\/wp-json\/wp\/v2\/media?parent=43020"}],"wp:term":[{"taxonomy":"product_brand","embeddable":true,"href":"https:\/\/caratdiamond.ch\/de\/wp-json\/wp\/v2\/product_brand?post=43020"},{"taxonomy":"product_cat","embeddable":true,"href":"https:\/\/caratdiamond.ch\/de\/wp-json\/wp\/v2\/product_cat?post=43020"},{"taxonomy":"product_tag","embeddable":true,"href":"https:\/\/caratdiamond.ch\/de\/wp-json\/wp\/v2\/product_tag?post=43020"}],"curies":[{"name":"wp","href":"https:\/\/api.w.org\/{rel}","templated":true}]}}