{"id":42997,"date":"2022-01-26T10:48:54","date_gmt":"2022-01-26T09:48:54","guid":{"rendered":"https:\/\/caratdiamond.ch\/produit\/duo-von-rubinen-0-63ct\/"},"modified":"2022-01-26T10:48:54","modified_gmt":"2022-01-26T09:48:54","slug":"duo-de-rubis-0-63ct-2","status":"publish","type":"product","link":"https:\/\/caratdiamond.ch\/de\/produit\/duo-de-rubis-0-63ct-2\/","title":{"rendered":"Duo von Rubinen 0.63ct"},"content":{"rendered":"<p>Der Rubin ist der Geburtsstein des Monats Juli und symbolisiert 35 Jahre Ehe.<\/p>\n<p>Er geh\u00f6rt zu den vier Edelsteinen, dem Diamanten, dem Saphir, dem Smaragd und dem Rubin.<\/p>\n<p>Sie f\u00f6rdert das Selbstwertgef\u00fchl und die Liebe und hat eine Vielzahl von Heilkr\u00e4ften, insbesondere f\u00fcr das Blut und das Herz.<\/p>\n<p><a href=\"http:\/\/caratdiamond.ch\/guide-des-pierres\">  http:\/\/caratdiamond.ch\/guide-des-pierres&#8221;<\/a><\/p>\n","protected":false},"excerpt":{"rendered":"<p>Duo aus Rubinen 0,63ct in einem wundersch\u00f6nen Fuchsia-Rosa und ovalen Formen, die sich perfekt f\u00fcr Ohrringe eignen, kombiniert mit einigen Diamanten, um die Steine zu veredeln.<\/p>\n<p>Abmessungen: 3.4 x 4.3 x 1.7 (h) mm und 3.6 x 4.6 x 1.9 (h)Art 900<\/p>\n<table width=\"333\">\n<tbody>\n<tr>\n<td width=\"333\"><\/td>\n<\/tr>\n<\/tbody>\n<\/table>\n<table style=\"height: 33px;\" width=\"765\">\n<tbody>\n<tr>\n<td width=\"473\"><\/td>\n<\/tr>\n<\/tbody>\n<\/table>\n","protected":false},"featured_media":42208,"comment_status":"open","ping_status":"closed","template":"","meta":{"site-sidebar-layout":"default","site-content-layout":"default","ast-site-content-layout":"","site-content-style":"default","site-sidebar-style":"default","ast-global-header-display":"","ast-banner-title-visibility":"","ast-main-header-display":"","ast-hfb-above-header-display":"","ast-hfb-below-header-display":"","ast-hfb-mobile-header-display":"","site-post-title":"","ast-breadcrumbs-content":"","ast-featured-img":"","footer-sml-layout":"","theme-transparent-header-meta":"default","adv-header-id-meta":"","stick-header-meta":"","header-above-stick-meta":"","header-main-stick-meta":"","header-below-stick-meta":"","astra-migrate-meta-layouts":"default","ast-page-background-enabled":"default","ast-page-background-meta":{"desktop":{"background-color":"","background-image":"","background-repeat":"repeat","background-position":"center center","background-size":"auto","background-attachment":"scroll","background-type":"","background-media":"","overlay-type":"","overlay-color":"","overlay-opacity":"","overlay-gradient":""},"tablet":{"background-color":"","background-image":"","background-repeat":"repeat","background-position":"center center","background-size":"auto","background-attachment":"scroll","background-type":"","background-media":"","overlay-type":"","overlay-color":"","overlay-opacity":"","overlay-gradient":""},"mobile":{"background-color":"","background-image":"","background-repeat":"repeat","background-position":"center center","background-size":"auto","background-attachment":"scroll","background-type":"","background-media":"","overlay-type":"","overlay-color":"","overlay-opacity":"","overlay-gradient":""}},"ast-content-background-meta":{"desktop":{"background-color":"var(--ast-global-color-5)","background-image":"","background-repeat":"repeat","background-position":"center center","background-size":"auto","background-attachment":"scroll","background-type":"","background-media":"","overlay-type":"","overlay-color":"","overlay-opacity":"","overlay-gradient":""},"tablet":{"background-color":"var(--ast-global-color-5)","background-image":"","background-repeat":"repeat","background-position":"center center","background-size":"auto","background-attachment":"scroll","background-type":"","background-media":"","overlay-type":"","overlay-color":"","overlay-opacity":"","overlay-gradient":""},"mobile":{"background-color":"var(--ast-global-color-5)","background-image":"","background-repeat":"repeat","background-position":"center center","background-size":"auto","background-attachment":"scroll","background-type":"","background-media":"","overlay-type":"","overlay-color":"","overlay-opacity":"","overlay-gradient":""}}},"product_brand":[],"product_cat":[2653,2654,2652],"product_tag":[],"class_list":{"0":"post-42997","1":"product","2":"type-product","3":"status-publish","4":"has-post-thumbnail","6":"product_cat-35-jahre","7":"product_cat-juli","8":"product_cat-rubin","9":"pa_couleur-rose-de","10":"pa_couleur-rot","11":"pa_forme-oval-de","12":"desktop-align-left","13":"tablet-align-left","14":"mobile-align-left","16":"first","17":"instock","18":"featured","19":"shipping-taxable","20":"purchasable","21":"product-type-simple"},"_links":{"self":[{"href":"https:\/\/caratdiamond.ch\/de\/wp-json\/wp\/v2\/product\/42997","targetHints":{"allow":["GET"]}}],"collection":[{"href":"https:\/\/caratdiamond.ch\/de\/wp-json\/wp\/v2\/product"}],"about":[{"href":"https:\/\/caratdiamond.ch\/de\/wp-json\/wp\/v2\/types\/product"}],"replies":[{"embeddable":true,"href":"https:\/\/caratdiamond.ch\/de\/wp-json\/wp\/v2\/comments?post=42997"}],"wp:featuredmedia":[{"embeddable":true,"href":"https:\/\/caratdiamond.ch\/de\/wp-json\/wp\/v2\/media\/42208"}],"wp:attachment":[{"href":"https:\/\/caratdiamond.ch\/de\/wp-json\/wp\/v2\/media?parent=42997"}],"wp:term":[{"taxonomy":"product_brand","embeddable":true,"href":"https:\/\/caratdiamond.ch\/de\/wp-json\/wp\/v2\/product_brand?post=42997"},{"taxonomy":"product_cat","embeddable":true,"href":"https:\/\/caratdiamond.ch\/de\/wp-json\/wp\/v2\/product_cat?post=42997"},{"taxonomy":"product_tag","embeddable":true,"href":"https:\/\/caratdiamond.ch\/de\/wp-json\/wp\/v2\/product_tag?post=42997"}],"curies":[{"name":"wp","href":"https:\/\/api.w.org\/{rel}","templated":true}]}}