{"id":42976,"date":"2022-02-16T12:02:30","date_gmt":"2022-02-16T11:02:30","guid":{"rendered":"https:\/\/caratdiamond.ch\/produit\/birnenfoermiger-rubin-1-06ct\/"},"modified":"2022-02-16T12:02:30","modified_gmt":"2022-02-16T11:02:30","slug":"rubin-birne-1-06ct","status":"publish","type":"product","link":"https:\/\/caratdiamond.ch\/de\/produit\/rubin-birne-1-06ct\/","title":{"rendered":"Birnenf\u00f6rmiger Rubin 1.06ct"},"content":{"rendered":"<p>Der Rubin ist der Geburtsstein des Monats Juli und symbolisiert 35 Jahre Ehe.<br \/>\nEr geh\u00f6rt zu den vier Edelsteinen, dem Diamanten, dem Saphir, dem Smaragd und dem Rubin.<br \/>\nSie f\u00f6rdert das Selbstwertgef\u00fchl und die Liebe und hat eine Vielzahl von Heilkr\u00e4ften, insbesondere f\u00fcr das Blut und das Herz.<\/p>\n","protected":false},"excerpt":{"rendered":"<p>Sch\u00f6ner birnenf\u00f6rmiger Rubin 1.06ct rot\/rosa<\/p>\n<p>Abmessungen 5.0 x 7.5 x 3.5 mm<br \/>\nArt. 919<\/p>\n","protected":false},"featured_media":42280,"comment_status":"open","ping_status":"closed","template":"","meta":{"site-sidebar-layout":"default","site-content-layout":"default","ast-site-content-layout":"","site-content-style":"default","site-sidebar-style":"default","ast-global-header-display":"","ast-banner-title-visibility":"","ast-main-header-display":"","ast-hfb-above-header-display":"","ast-hfb-below-header-display":"","ast-hfb-mobile-header-display":"","site-post-title":"","ast-breadcrumbs-content":"","ast-featured-img":"","footer-sml-layout":"","theme-transparent-header-meta":"","adv-header-id-meta":"","stick-header-meta":"","header-above-stick-meta":"","header-main-stick-meta":"","header-below-stick-meta":"","astra-migrate-meta-layouts":"default","ast-page-background-enabled":"default","ast-page-background-meta":{"desktop":{"background-color":"","background-image":"","background-repeat":"repeat","background-position":"center center","background-size":"auto","background-attachment":"scroll","background-type":"","background-media":"","overlay-type":"","overlay-color":"","overlay-opacity":"","overlay-gradient":""},"tablet":{"background-color":"","background-image":"","background-repeat":"repeat","background-position":"center center","background-size":"auto","background-attachment":"scroll","background-type":"","background-media":"","overlay-type":"","overlay-color":"","overlay-opacity":"","overlay-gradient":""},"mobile":{"background-color":"","background-image":"","background-repeat":"repeat","background-position":"center center","background-size":"auto","background-attachment":"scroll","background-type":"","background-media":"","overlay-type":"","overlay-color":"","overlay-opacity":"","overlay-gradient":""}},"ast-content-background-meta":{"desktop":{"background-color":"var(--ast-global-color-5)","background-image":"","background-repeat":"repeat","background-position":"center center","background-size":"auto","background-attachment":"scroll","background-type":"","background-media":"","overlay-type":"","overlay-color":"","overlay-opacity":"","overlay-gradient":""},"tablet":{"background-color":"var(--ast-global-color-5)","background-image":"","background-repeat":"repeat","background-position":"center center","background-size":"auto","background-attachment":"scroll","background-type":"","background-media":"","overlay-type":"","overlay-color":"","overlay-opacity":"","overlay-gradient":""},"mobile":{"background-color":"var(--ast-global-color-5)","background-image":"","background-repeat":"repeat","background-position":"center center","background-size":"auto","background-attachment":"scroll","background-type":"","background-media":"","overlay-type":"","overlay-color":"","overlay-opacity":"","overlay-gradient":""}}},"product_brand":[],"product_cat":[2653,2654,2652],"product_tag":[2619,2645,2687,2644],"class_list":{"0":"post-42976","1":"product","2":"type-product","3":"status-publish","4":"has-post-thumbnail","6":"product_cat-35-jahre","7":"product_cat-juli","8":"product_cat-rubin","9":"product_tag-ehe-de","10":"product_tag-investition","11":"product_tag-stein","12":"product_tag-verlobung","13":"pa_couleur-rose-de","14":"pa_couleur-rot","15":"pa_forme-birne","16":"desktop-align-left","17":"tablet-align-left","18":"mobile-align-left","20":"first","21":"instock","22":"featured","23":"shipping-taxable","24":"purchasable","25":"product-type-simple"},"_links":{"self":[{"href":"https:\/\/caratdiamond.ch\/de\/wp-json\/wp\/v2\/product\/42976","targetHints":{"allow":["GET"]}}],"collection":[{"href":"https:\/\/caratdiamond.ch\/de\/wp-json\/wp\/v2\/product"}],"about":[{"href":"https:\/\/caratdiamond.ch\/de\/wp-json\/wp\/v2\/types\/product"}],"replies":[{"embeddable":true,"href":"https:\/\/caratdiamond.ch\/de\/wp-json\/wp\/v2\/comments?post=42976"}],"wp:featuredmedia":[{"embeddable":true,"href":"https:\/\/caratdiamond.ch\/de\/wp-json\/wp\/v2\/media\/42280"}],"wp:attachment":[{"href":"https:\/\/caratdiamond.ch\/de\/wp-json\/wp\/v2\/media?parent=42976"}],"wp:term":[{"taxonomy":"product_brand","embeddable":true,"href":"https:\/\/caratdiamond.ch\/de\/wp-json\/wp\/v2\/product_brand?post=42976"},{"taxonomy":"product_cat","embeddable":true,"href":"https:\/\/caratdiamond.ch\/de\/wp-json\/wp\/v2\/product_cat?post=42976"},{"taxonomy":"product_tag","embeddable":true,"href":"https:\/\/caratdiamond.ch\/de\/wp-json\/wp\/v2\/product_tag?post=42976"}],"curies":[{"name":"wp","href":"https:\/\/api.w.org\/{rel}","templated":true}]}}