{"id":42946,"date":"2022-02-15T16:55:12","date_gmt":"2022-02-15T15:55:12","guid":{"rendered":"https:\/\/caratdiamond.ch\/produit\/rubin-cabochon-4-77ct\/"},"modified":"2022-02-15T16:55:12","modified_gmt":"2022-02-15T15:55:12","slug":"rubin-cabochon-4-77ct","status":"publish","type":"product","link":"https:\/\/caratdiamond.ch\/de\/produit\/rubin-cabochon-4-77ct\/","title":{"rendered":"Rubin-Cabochon 4.77ct"},"content":{"rendered":"<p>Der Rubin ist der Geburtsstein des Monats Juli und symbolisiert 35 Jahre Ehe.<\/p>\n<p>Er geh\u00f6rt zu den vier Edelsteinen, dem Diamanten, dem Saphir, dem Smaragd und dem Rubin.<\/p>\n<p>Sie f\u00f6rdert das Selbstwertgef\u00fchl und die Liebe und hat eine Vielzahl von Heilkr\u00e4ften, insbesondere f\u00fcr das Blut und das Herz.<\/p>\n<p><a href=\"https:\/\/caratdiamond.ch\/guide-des-pierres\">https:\/\/caratdiamond.ch\/guide-des-pierres &#8220;<\/a><\/p>\n","protected":false},"excerpt":{"rendered":"<p>Rubin ovaler Cabochon von 4,77 ct rot-rosa Farbe Cabochon Form.<\/p>\n<p>Ein idealer Stein f\u00fcr einen sch\u00f6nen Ring mit dem Rubin in der Mitte, der von einer Reihe wei\u00dfer Diamanten umgeben ist.<\/p>\n<p>Alles auf Wei\u00dfgold aufgezogen.<br \/>\nAbmessungen: 8.5 x 10.7 x 5.4 (h) mm<\/p>\n<p>Art: 924<\/p>\n","protected":false},"featured_media":44589,"comment_status":"open","ping_status":"closed","template":"","meta":{"site-sidebar-layout":"default","site-content-layout":"default","ast-site-content-layout":"","site-content-style":"default","site-sidebar-style":"default","ast-global-header-display":"","ast-banner-title-visibility":"","ast-main-header-display":"","ast-hfb-above-header-display":"","ast-hfb-below-header-display":"","ast-hfb-mobile-header-display":"","site-post-title":"","ast-breadcrumbs-content":"","ast-featured-img":"","footer-sml-layout":"","theme-transparent-header-meta":"default","adv-header-id-meta":"","stick-header-meta":"","header-above-stick-meta":"","header-main-stick-meta":"","header-below-stick-meta":"","astra-migrate-meta-layouts":"default","ast-page-background-enabled":"default","ast-page-background-meta":{"desktop":{"background-color":"","background-image":"","background-repeat":"repeat","background-position":"center center","background-size":"auto","background-attachment":"scroll","background-type":"","background-media":"","overlay-type":"","overlay-color":"","overlay-opacity":"","overlay-gradient":""},"tablet":{"background-color":"","background-image":"","background-repeat":"repeat","background-position":"center center","background-size":"auto","background-attachment":"scroll","background-type":"","background-media":"","overlay-type":"","overlay-color":"","overlay-opacity":"","overlay-gradient":""},"mobile":{"background-color":"","background-image":"","background-repeat":"repeat","background-position":"center center","background-size":"auto","background-attachment":"scroll","background-type":"","background-media":"","overlay-type":"","overlay-color":"","overlay-opacity":"","overlay-gradient":""}},"ast-content-background-meta":{"desktop":{"background-color":"var(--ast-global-color-5)","background-image":"","background-repeat":"repeat","background-position":"center center","background-size":"auto","background-attachment":"scroll","background-type":"","background-media":"","overlay-type":"","overlay-color":"","overlay-opacity":"","overlay-gradient":""},"tablet":{"background-color":"var(--ast-global-color-5)","background-image":"","background-repeat":"repeat","background-position":"center center","background-size":"auto","background-attachment":"scroll","background-type":"","background-media":"","overlay-type":"","overlay-color":"","overlay-opacity":"","overlay-gradient":""},"mobile":{"background-color":"var(--ast-global-color-5)","background-image":"","background-repeat":"repeat","background-position":"center center","background-size":"auto","background-attachment":"scroll","background-type":"","background-media":"","overlay-type":"","overlay-color":"","overlay-opacity":"","overlay-gradient":""}}},"product_brand":[],"product_cat":[2653,2652,2842,2830],"product_tag":[2848,2644],"class_list":{"0":"post-42946","1":"product","2":"type-product","3":"status-publish","4":"has-post-thumbnail","6":"product_cat-35-jahre","7":"product_cat-rubin","8":"product_cat-anhanger","9":"product_cat-schmuck","10":"product_tag-geschenk","11":"product_tag-verlobung","12":"pa_couleur-rose-de","13":"pa_couleur-rot","14":"pa_forme-oval-de","15":"pa_pierre-seule-ou-bijou-anhanger","16":"pa_pierre-seule-ou-bijou-stein-allein","17":"desktop-align-left","18":"tablet-align-left","19":"mobile-align-left","21":"first","22":"instock","23":"shipping-taxable","24":"purchasable","25":"product-type-variable"},"_links":{"self":[{"href":"https:\/\/caratdiamond.ch\/de\/wp-json\/wp\/v2\/product\/42946","targetHints":{"allow":["GET"]}}],"collection":[{"href":"https:\/\/caratdiamond.ch\/de\/wp-json\/wp\/v2\/product"}],"about":[{"href":"https:\/\/caratdiamond.ch\/de\/wp-json\/wp\/v2\/types\/product"}],"replies":[{"embeddable":true,"href":"https:\/\/caratdiamond.ch\/de\/wp-json\/wp\/v2\/comments?post=42946"}],"wp:featuredmedia":[{"embeddable":true,"href":"https:\/\/caratdiamond.ch\/de\/wp-json\/wp\/v2\/media\/44589"}],"wp:attachment":[{"href":"https:\/\/caratdiamond.ch\/de\/wp-json\/wp\/v2\/media?parent=42946"}],"wp:term":[{"taxonomy":"product_brand","embeddable":true,"href":"https:\/\/caratdiamond.ch\/de\/wp-json\/wp\/v2\/product_brand?post=42946"},{"taxonomy":"product_cat","embeddable":true,"href":"https:\/\/caratdiamond.ch\/de\/wp-json\/wp\/v2\/product_cat?post=42946"},{"taxonomy":"product_tag","embeddable":true,"href":"https:\/\/caratdiamond.ch\/de\/wp-json\/wp\/v2\/product_tag?post=42946"}],"curies":[{"name":"wp","href":"https:\/\/api.w.org\/{rel}","templated":true}]}}