{"id":48563,"date":"2023-05-25T23:37:46","date_gmt":"2023-05-25T21:37:46","guid":{"rendered":"https:\/\/caratdiamond.ch\/minima-by-carat-diamond\/"},"modified":"2023-06-20T16:33:40","modified_gmt":"2023-06-20T14:33:40","slug":"minima-by-carat-diamond","status":"publish","type":"page","link":"https:\/\/caratdiamond.ch\/de\/minima-by-carat-diamond\/","title":{"rendered":"Minima by carat diamond"},"content":{"rendered":"\t\t<div data-elementor-type=\"wp-page\" data-elementor-id=\"48563\" class=\"elementor elementor-48563\" data-elementor-post-type=\"page\">\n\t\t\t\t\t\t<section class=\"elementor-section elementor-top-section elementor-element elementor-element-84baad2 elementor-section-boxed elementor-section-height-default elementor-section-height-default\" data-id=\"84baad2\" data-element_type=\"section\" data-settings=\"{&quot;background_background&quot;:&quot;classic&quot;}\">\n\t\t\t\t\t\t<div class=\"elementor-container elementor-column-gap-default\">\n\t\t\t\t\t\t<\/div>\n\t\t<\/section>\n\t\t<div class=\"elementor-element elementor-element-95306c7 e-con-full e-flex e-con e-parent\" data-id=\"95306c7\" data-element_type=\"container\">\n\t\t<div class=\"elementor-element elementor-element-2927a57 e-con-full e-flex e-con e-parent\" data-id=\"2927a57\" data-element_type=\"container\" data-settings=\"{&quot;background_background&quot;:&quot;classic&quot;}\">\n\t\t<div class=\"elementor-element elementor-element-156ee15 e-flex e-con-boxed e-con e-parent\" data-id=\"156ee15\" data-element_type=\"container\" data-settings=\"{&quot;background_background&quot;:&quot;classic&quot;}\">\n\t\t\t\t\t<div class=\"e-con-inner\">\n\t\t\t\t<div class=\"elementor-element elementor-element-766eae4 elementor-widget elementor-widget-image\" data-id=\"766eae4\" data-element_type=\"widget\" data-widget_type=\"image.default\">\n\t\t\t\t<div class=\"elementor-widget-container\">\n\t\t\t\t\t\t\t\t\t\t\t\t\t\t\t<img fetchpriority=\"high\" decoding=\"async\" width=\"1030\" height=\"334\" src=\"https:\/\/caratdiamond.ch\/wp-content\/uploads\/2023\/05\/Gamme-minima-by-carat-diamond-1030x334.png\" class=\"attachment-large size-large wp-image-47727\" alt=\"\" srcset=\"https:\/\/caratdiamond.ch\/wp-content\/uploads\/2023\/05\/Gamme-minima-by-carat-diamond-1030x334.png 1030w, https:\/\/caratdiamond.ch\/wp-content\/uploads\/2023\/05\/Gamme-minima-by-carat-diamond-300x97.png 300w, https:\/\/caratdiamond.ch\/wp-content\/uploads\/2023\/05\/Gamme-minima-by-carat-diamond-768x249.png 768w, https:\/\/caratdiamond.ch\/wp-content\/uploads\/2023\/05\/Gamme-minima-by-carat-diamond-1536x498.png 1536w, https:\/\/caratdiamond.ch\/wp-content\/uploads\/2023\/05\/Gamme-minima-by-carat-diamond-600x194.png 600w, https:\/\/caratdiamond.ch\/wp-content\/uploads\/2023\/05\/Gamme-minima-by-carat-diamond.png 1669w\" sizes=\"(max-width: 1030px) 100vw, 1030px\" \/>\t\t\t\t\t\t\t\t\t\t\t\t\t\t\t<\/div>\n\t\t\t\t<\/div>\n\t\t\t\t\t<\/div>\n\t\t\t\t<\/div>\n\t\t\t\t<\/div>\n\t\t\t\t<\/div>\n\t\t<div class=\"elementor-element elementor-element-854e373 e-flex e-con-boxed e-con e-parent\" data-id=\"854e373\" data-element_type=\"container\">\n\t\t\t\t\t<div class=\"e-con-inner\">\n\t\t<div class=\"elementor-element elementor-element-a43534b e-flex e-con-boxed e-con e-parent\" data-id=\"a43534b\" data-element_type=\"container\" data-settings=\"{&quot;background_background&quot;:&quot;classic&quot;}\">\n\t\t\t\t\t<div class=\"e-con-inner\">\n\t\t<div class=\"elementor-element elementor-element-368a342 e-flex e-con-boxed e-con e-parent\" data-id=\"368a342\" data-element_type=\"container\">\n\t\t\t\t\t<div class=\"e-con-inner\">\n\t\t<div class=\"elementor-element elementor-element-7c7871d e-con-full e-flex e-con e-parent\" data-id=\"7c7871d\" data-element_type=\"container\">\n\t\t\t\t<div class=\"elementor-element elementor-element-49a0f60 elementor-invisible elementor-widget elementor-widget-text-editor\" data-id=\"49a0f60\" data-element_type=\"widget\" data-settings=\"{&quot;_animation&quot;:&quot;fadeIn&quot;}\" data-widget_type=\"text-editor.default\">\n\t\t\t\t<div class=\"elementor-widget-container\">\n\t\t\t\t\t\t\t\t\t<p>W\u00fcnschen Sie sich ein schlichtes, aber raffiniertes Schmuckst\u00fcck?  <\/p>\n<p><span style=\"color: var( --e-global-color-accent ); font-style: inherit; font-weight: inherit;\">Minima ist genau das Richtige f\u00fcr Sie!  <\/span><\/p>\n\t\t\t\t\t\t\t\t<\/div>\n\t\t\t\t<\/div>\n\t\t\t\t<\/div>\n\t\t<div class=\"elementor-element elementor-element-22fc642 e-con-full e-flex e-con e-parent\" data-id=\"22fc642\" data-element_type=\"container\">\n\t\t\t\t<div class=\"elementor-element elementor-element-e5b1671 elementor-widget elementor-widget-text-editor\" data-id=\"e5b1671\" data-element_type=\"widget\" data-widget_type=\"text-editor.default\">\n\t\t\t\t<div class=\"elementor-widget-container\">\n\t\t\t\t\t\t\t\t\t<p>Ein schlankes und elegantes minismalistisches Schmuckst\u00fcck, das den Stein mit einem Minimum an Gold hervorhebt. W\u00e4hlen Sie Ihren Stein und die Art des Schmuckst\u00fccks nach Ihren W\u00fcnschen aus.<\/p>\n\t\t\t\t\t\t\t\t<\/div>\n\t\t\t\t<\/div>\n\t\t\t\t<div class=\"elementor-element elementor-element-a5379ec elementor-align-center elementor-tablet-align-center elementor-mobile-align-center elementor-widget__width-auto elementor-widget-tablet__width-inherit elementor-widget-mobile__width-inherit elementor-widget elementor-widget-button\" data-id=\"a5379ec\" data-element_type=\"widget\" data-widget_type=\"button.default\">\n\t\t\t\t<div class=\"elementor-widget-container\">\n\t\t\t\t\t\t\t\t\t<div class=\"elementor-button-wrapper\">\n\t\t\t\t\t<a class=\"elementor-button elementor-button-link elementor-size-lg\" href=\"https:\/\/caratdiamond.ch\/de\/?page_id=42368\">\n\t\t\t\t\t\t<span class=\"elementor-button-content-wrapper\">\n\t\t\t\t\t\t\t\t\t<span class=\"elementor-button-text\">ein Schmuckst\u00fcck entwerfen<\/span>\n\t\t\t\t\t<\/span>\n\t\t\t\t\t<\/a>\n\t\t\t\t<\/div>\n\t\t\t\t\t\t\t\t<\/div>\n\t\t\t\t<\/div>\n\t\t\t\t<\/div>\n\t\t\t\t\t<\/div>\n\t\t\t\t<\/div>\n\t\t\t\t\t<\/div>\n\t\t\t\t<\/div>\n\t\t\t\t<div class=\"elementor-element elementor-element-5fc3060 elementor-widget elementor-widget-eael-woo-product-carousel\" data-id=\"5fc3060\" data-element_type=\"widget\" data-widget_type=\"eael-woo-product-carousel.default\">\n\t\t\t\t<div class=\"elementor-widget-container\">\n\t\t\t\t\t\n        <div class=\"swiper-container-wrap eael-woo-product-carousel-container preset-1\" id=\"eael-product-carousel-5fc3060\" data-widget-id=\"5fc3060\" >\n            <p class=\"eael-no-posts-found\">Products Not Found<\/p>        <\/div>\n        \t\t\t\t<\/div>\n\t\t\t\t<\/div>\n\t\t\t\t\t<\/div>\n\t\t\t\t<\/div>\n\t\t<div class=\"elementor-element elementor-element-5eafd97 e-flex e-con-boxed e-con e-parent\" data-id=\"5eafd97\" data-element_type=\"container\">\n\t\t\t\t\t<div class=\"e-con-inner\">\n\t\t<div class=\"elementor-element elementor-element-7c519cd e-con-full e-flex e-con e-parent\" data-id=\"7c519cd\" data-element_type=\"container\">\n\t\t<div class=\"elementor-element elementor-element-e4b8b78 e-con-full e-flex e-con e-parent\" data-id=\"e4b8b78\" data-element_type=\"container\">\n\t\t\t\t<div class=\"elementor-element elementor-element-ea3e24e elementor-widget elementor-widget-text-editor\" data-id=\"ea3e24e\" data-element_type=\"widget\" data-widget_type=\"text-editor.default\">\n\t\t\t\t<div class=\"elementor-widget-container\">\n\t\t\t\t\t\t\t\t\t<p>Lassen Sie uns gemeinsam das Schmuckst\u00fcck Ihrer Tr\u00e4ume anfertigen<\/p>\n\t\t\t\t\t\t\t\t<\/div>\n\t\t\t\t<\/div>\n\t\t\t\t<div class=\"elementor-element elementor-element-0e9fb40 elementor-widget elementor-widget-text-editor\" data-id=\"0e9fb40\" data-element_type=\"widget\" data-widget_type=\"text-editor.default\">\n\t\t\t\t<div class=\"elementor-widget-container\">\n\t\t\t\t\t\t\t\t\t<p>Wir begleiten Sie bei Ihrem Projekt, um Ihr Traumschmuckst\u00fcck zu verwirklichen!<\/p>\n\t\t\t\t\t\t\t\t<\/div>\n\t\t\t\t<\/div>\n\t\t\t\t<div class=\"elementor-element elementor-element-d3095a6 elementor-align-center elementor-tablet-align-center elementor-mobile-align-center elementor-widget__width-auto elementor-widget-tablet__width-inherit elementor-widget-mobile__width-inherit elementor-widget elementor-widget-button\" data-id=\"d3095a6\" data-element_type=\"widget\" data-widget_type=\"button.default\">\n\t\t\t\t<div class=\"elementor-widget-container\">\n\t\t\t\t\t\t\t\t\t<div class=\"elementor-button-wrapper\">\n\t\t\t\t\t<a class=\"elementor-button elementor-button-link elementor-size-lg\" href=\"https:\/\/caratdiamond.ch\/de\/kontakt\/\">\n\t\t\t\t\t\t<span class=\"elementor-button-content-wrapper\">\n\t\t\t\t\t\t\t\t\t<span class=\"elementor-button-text\">Kontaktieren Sie uns<\/span>\n\t\t\t\t\t<\/span>\n\t\t\t\t\t<\/a>\n\t\t\t\t<\/div>\n\t\t\t\t\t\t\t\t<\/div>\n\t\t\t\t<\/div>\n\t\t\t\t<\/div>\n\t\t\t\t<\/div>\n\t\t\t\t\t<\/div>\n\t\t\t\t<\/div>\n\t\t\t\t<\/div>\n\t\t","protected":false},"excerpt":{"rendered":"<p>W\u00fcnschen Sie sich ein schlichtes, aber raffiniertes Schmuckst\u00fcck? Minima ist genau das Richtige f\u00fcr Sie! Ein schlankes und elegantes minismalistisches Schmuckst\u00fcck, das den Stein mit einem Minimum an Gold hervorhebt. W\u00e4hlen Sie Ihren Stein und die Art des Schmuckst\u00fccks nach Ihren W\u00fcnschen aus. ein Schmuckst\u00fcck entwerfen Choix des options Pendentif \u00e9meraude poire 0.33ct 350.00&nbsp;&#67;&#72;&#70; &ndash; [&hellip;]<\/p>\n","protected":false},"author":6,"featured_media":0,"parent":0,"menu_order":0,"comment_status":"closed","ping_status":"closed","template":"","meta":{"site-sidebar-layout":"no-sidebar","site-content-layout":"page-builder","ast-site-content-layout":"","site-content-style":"default","site-sidebar-style":"default","ast-global-header-display":"","ast-banner-title-visibility":"","ast-main-header-display":"","ast-hfb-above-header-display":"","ast-hfb-below-header-display":"","ast-hfb-mobile-header-display":"","site-post-title":"disabled","ast-breadcrumbs-content":"","ast-featured-img":"disabled","footer-sml-layout":"","theme-transparent-header-meta":"","adv-header-id-meta":"","stick-header-meta":"","header-above-stick-meta":"","header-main-stick-meta":"","header-below-stick-meta":"","astra-migrate-meta-layouts":"default","ast-page-background-enabled":"default","ast-page-background-meta":{"desktop":{"background-color":"","background-image":"","background-repeat":"repeat","background-position":"center center","background-size":"auto","background-attachment":"scroll","background-type":"","background-media":"","overlay-type":"","overlay-color":"","overlay-opacity":"","overlay-gradient":""},"tablet":{"background-color":"","background-image":"","background-repeat":"repeat","background-position":"center center","background-size":"auto","background-attachment":"scroll","background-type":"","background-media":"","overlay-type":"","overlay-color":"","overlay-opacity":"","overlay-gradient":""},"mobile":{"background-color":"","background-image":"","background-repeat":"repeat","background-position":"center center","background-size":"auto","background-attachment":"scroll","background-type":"","background-media":"","overlay-type":"","overlay-color":"","overlay-opacity":"","overlay-gradient":""}},"ast-content-background-meta":{"desktop":{"background-color":"var(--ast-global-color-5)","background-image":"","background-repeat":"repeat","background-position":"center center","background-size":"auto","background-attachment":"scroll","background-type":"","background-media":"","overlay-type":"","overlay-color":"","overlay-opacity":"","overlay-gradient":""},"tablet":{"background-color":"var(--ast-global-color-5)","background-image":"","background-repeat":"repeat","background-position":"center center","background-size":"auto","background-attachment":"scroll","background-type":"","background-media":"","overlay-type":"","overlay-color":"","overlay-opacity":"","overlay-gradient":""},"mobile":{"background-color":"var(--ast-global-color-5)","background-image":"","background-repeat":"repeat","background-position":"center center","background-size":"auto","background-attachment":"scroll","background-type":"","background-media":"","overlay-type":"","overlay-color":"","overlay-opacity":"","overlay-gradient":""}},"footnotes":""},"class_list":["post-48563","page","type-page","status-publish","hentry"],"_links":{"self":[{"href":"https:\/\/caratdiamond.ch\/de\/wp-json\/wp\/v2\/pages\/48563","targetHints":{"allow":["GET"]}}],"collection":[{"href":"https:\/\/caratdiamond.ch\/de\/wp-json\/wp\/v2\/pages"}],"about":[{"href":"https:\/\/caratdiamond.ch\/de\/wp-json\/wp\/v2\/types\/page"}],"author":[{"embeddable":true,"href":"https:\/\/caratdiamond.ch\/de\/wp-json\/wp\/v2\/users\/6"}],"replies":[{"embeddable":true,"href":"https:\/\/caratdiamond.ch\/de\/wp-json\/wp\/v2\/comments?post=48563"}],"version-history":[{"count":4,"href":"https:\/\/caratdiamond.ch\/de\/wp-json\/wp\/v2\/pages\/48563\/revisions"}],"predecessor-version":[{"id":49820,"href":"https:\/\/caratdiamond.ch\/de\/wp-json\/wp\/v2\/pages\/48563\/revisions\/49820"}],"wp:attachment":[{"href":"https:\/\/caratdiamond.ch\/de\/wp-json\/wp\/v2\/media?parent=48563"}],"curies":[{"name":"wp","href":"https:\/\/api.w.org\/{rel}","templated":true}]}}