{"id":47854,"date":"2023-05-24T23:08:46","date_gmt":"2023-05-24T21:08:46","guid":{"rendered":"https:\/\/caratdiamond.ch\/elementor-47841\/"},"modified":"2023-06-14T23:58:23","modified_gmt":"2023-06-14T21:58:23","slug":"elementor-47841","status":"publish","type":"page","link":"https:\/\/caratdiamond.ch\/de\/elementor-47841\/","title":{"rendered":"Unsere Sortimente"},"content":{"rendered":"\t\t<div data-elementor-type=\"wp-page\" data-elementor-id=\"47854\" class=\"elementor elementor-47854\" data-elementor-post-type=\"page\">\n\t\t\t\t<div class=\"elementor-element elementor-element-006c8b0 e-con-full e-flex e-con e-parent\" data-id=\"006c8b0\" data-element_type=\"container\">\n\t\t<div class=\"elementor-element elementor-element-69eb377 e-con-full e-flex e-con e-parent\" data-id=\"69eb377\" data-element_type=\"container\" data-settings=\"{&quot;background_background&quot;:&quot;classic&quot;}\">\n\t\t<div class=\"elementor-element elementor-element-30801d4 e-flex e-con-boxed e-con e-parent\" data-id=\"30801d4\" data-element_type=\"container\" data-settings=\"{&quot;background_background&quot;:&quot;classic&quot;}\">\n\t\t\t\t\t<div class=\"e-con-inner\">\n\t\t\t\t<div class=\"elementor-element elementor-element-366202d elementor-widget elementor-widget-heading\" data-id=\"366202d\" data-element_type=\"widget\" data-widget_type=\"heading.default\">\n\t\t\t\t<div class=\"elementor-widget-container\">\n\t\t\t\t\t<h1 class=\"elementor-heading-title elementor-size-default\"><a href=\"https:\/\/caratdiamond.ch\/boutique\/\">Die Carat Diamond-Reihen<\/a><\/h1>\t\t\t\t<\/div>\n\t\t\t\t<\/div>\n\t\t\t\t<div class=\"elementor-element elementor-element-b65aa96 elementor-invisible elementor-widget elementor-widget-heading\" data-id=\"b65aa96\" data-element_type=\"widget\" data-settings=\"{&quot;_animation&quot;:&quot;fadeIn&quot;}\" data-widget_type=\"heading.default\">\n\t\t\t\t<div class=\"elementor-widget-container\">\n\t\t\t\t\t<h2 class=\"elementor-heading-title elementor-size-default\">einzigartiger Schmuck nach Ihrem Bild<\/h2>\t\t\t\t<\/div>\n\t\t\t\t<\/div>\n\t\t\t\t\t<\/div>\n\t\t\t\t<\/div>\n\t\t\t\t<\/div>\n\t\t\t\t<\/div>\n\t\t<div class=\"elementor-element elementor-element-27d260f e-flex e-con-boxed e-con e-parent\" data-id=\"27d260f\" data-element_type=\"container\" data-settings=\"{&quot;background_background&quot;:&quot;classic&quot;}\">\n\t\t\t\t\t<div class=\"e-con-inner\">\n\t\t<div class=\"elementor-element elementor-element-a8eef6c e-con-full e-flex e-con e-parent\" data-id=\"a8eef6c\" data-element_type=\"container\">\n\t\t<div class=\"elementor-element elementor-element-ab15ba4 e-flex e-con-boxed e-con e-parent\" data-id=\"ab15ba4\" data-element_type=\"container\">\n\t\t\t\t\t<div class=\"e-con-inner\">\n\t\t<div class=\"elementor-element elementor-element-4087188 e-flex e-con-boxed e-con e-parent\" data-id=\"4087188\" data-element_type=\"container\" data-settings=\"{&quot;background_background&quot;:&quot;classic&quot;}\">\n\t\t\t\t\t<div class=\"e-con-inner\">\n\t\t\t\t<div class=\"elementor-element elementor-element-18004fe elementor-widget elementor-widget-image\" data-id=\"18004fe\" data-element_type=\"widget\" data-widget_type=\"image.default\">\n\t\t\t\t<div class=\"elementor-widget-container\">\n\t\t\t\t\t\t\t\t\t\t\t\t\t\t\t<img fetchpriority=\"high\" decoding=\"async\" width=\"1030\" height=\"334\" src=\"https:\/\/caratdiamond.ch\/wp-content\/uploads\/2023\/05\/Gamme-minima-by-carat-diamond-1030x334.png\" class=\"attachment-large size-large wp-image-47727\" alt=\"\" srcset=\"https:\/\/caratdiamond.ch\/wp-content\/uploads\/2023\/05\/Gamme-minima-by-carat-diamond-1030x334.png 1030w, https:\/\/caratdiamond.ch\/wp-content\/uploads\/2023\/05\/Gamme-minima-by-carat-diamond-300x97.png 300w, https:\/\/caratdiamond.ch\/wp-content\/uploads\/2023\/05\/Gamme-minima-by-carat-diamond-768x249.png 768w, https:\/\/caratdiamond.ch\/wp-content\/uploads\/2023\/05\/Gamme-minima-by-carat-diamond-1536x498.png 1536w, https:\/\/caratdiamond.ch\/wp-content\/uploads\/2023\/05\/Gamme-minima-by-carat-diamond-600x194.png 600w, https:\/\/caratdiamond.ch\/wp-content\/uploads\/2023\/05\/Gamme-minima-by-carat-diamond.png 1669w\" sizes=\"(max-width: 1030px) 100vw, 1030px\" \/>\t\t\t\t\t\t\t\t\t\t\t\t\t\t\t<\/div>\n\t\t\t\t<\/div>\n\t\t\t\t<div class=\"elementor-element elementor-element-2c1b36e elementor-widget elementor-widget-image\" data-id=\"2c1b36e\" data-element_type=\"widget\" data-widget_type=\"image.default\">\n\t\t\t\t<div class=\"elementor-widget-container\">\n\t\t\t\t\t\t\t\t\t\t\t\t\t\t\t<img decoding=\"async\" width=\"800\" height=\"800\" src=\"https:\/\/caratdiamond.ch\/wp-content\/uploads\/2023\/05\/minima-OR-Saphir-rond-carat-diamond.jpg\" class=\"attachment-large size-large wp-image-47735\" alt=\"\" srcset=\"https:\/\/caratdiamond.ch\/wp-content\/uploads\/2023\/05\/minima-OR-Saphir-rond-carat-diamond.jpg 800w, https:\/\/caratdiamond.ch\/wp-content\/uploads\/2023\/05\/minima-OR-Saphir-rond-carat-diamond-300x300.jpg 300w, https:\/\/caratdiamond.ch\/wp-content\/uploads\/2023\/05\/minima-OR-Saphir-rond-carat-diamond-80x80.jpg 80w, https:\/\/caratdiamond.ch\/wp-content\/uploads\/2023\/05\/minima-OR-Saphir-rond-carat-diamond-768x768.jpg 768w, https:\/\/caratdiamond.ch\/wp-content\/uploads\/2023\/05\/minima-OR-Saphir-rond-carat-diamond-600x600.jpg 600w, https:\/\/caratdiamond.ch\/wp-content\/uploads\/2023\/05\/minima-OR-Saphir-rond-carat-diamond-100x100.jpg 100w\" sizes=\"(max-width: 800px) 100vw, 800px\" \/>\t\t\t\t\t\t\t\t\t\t\t\t\t\t\t<\/div>\n\t\t\t\t<\/div>\n\t\t\t\t<div class=\"elementor-element elementor-element-554f12c elementor-widget elementor-widget-text-editor\" data-id=\"554f12c\" data-element_type=\"widget\" data-widget_type=\"text-editor.default\">\n\t\t\t\t<div class=\"elementor-widget-container\">\n\t\t\t\t\t\t\t\t\t<p style=\"font-weight: 400;\">Das feine und elegante minimalistische Schmuckst\u00fcck, das den Stein mit einem Minimum an Gold hervorhebt. W\u00e4hlen Sie Ihren Stein und die Art des Schmuckst\u00fccks, es ist einfach und raffiniert.<\/p>\n<p style=\"font-weight: 400;\">\n<p style=\"font-weight: 400;\">\n\t\t\t\t\t\t\t\t<\/div>\n\t\t\t\t<\/div>\n\t\t\t\t<div class=\"elementor-element elementor-element-854ae3f elementor-widget__width-auto elementor-align-center elementor-mobile-align-center elementor-widget-mobile__width-inherit elementor-tablet-align-center elementor-widget-tablet__width-inherit elementor-widget elementor-widget-button\" data-id=\"854ae3f\" data-element_type=\"widget\" data-widget_type=\"button.default\">\n\t\t\t\t<div class=\"elementor-widget-container\">\n\t\t\t\t\t\t\t\t\t<div class=\"elementor-button-wrapper\">\n\t\t\t\t\t<a class=\"elementor-button elementor-button-link elementor-size-lg\" href=\"https:\/\/caratdiamond.ch\/sur-l\">\n\t\t\t\t\t\t<span class=\"elementor-button-content-wrapper\">\n\t\t\t\t\t\t\t\t\t<span class=\"elementor-button-text\">Entdecken<\/span>\n\t\t\t\t\t<\/span>\n\t\t\t\t\t<\/a>\n\t\t\t\t<\/div>\n\t\t\t\t\t\t\t\t<\/div>\n\t\t\t\t<\/div>\n\t\t\t\t\t<\/div>\n\t\t\t\t<\/div>\n\t\t<div class=\"elementor-element elementor-element-111fc98 e-flex e-con-boxed e-con e-parent\" data-id=\"111fc98\" data-element_type=\"container\" data-settings=\"{&quot;background_background&quot;:&quot;classic&quot;}\">\n\t\t\t\t\t<div class=\"e-con-inner\">\n\t\t\t\t<div class=\"elementor-element elementor-element-423e67a elementor-widget elementor-widget-image\" data-id=\"423e67a\" data-element_type=\"widget\" data-widget_type=\"image.default\">\n\t\t\t\t<div class=\"elementor-widget-container\">\n\t\t\t\t\t\t\t\t\t\t\t\t\t\t\t<img decoding=\"async\" width=\"1030\" height=\"310\" src=\"https:\/\/caratdiamond.ch\/wp-content\/uploads\/2023\/05\/Gamme-su-misura-by-carat-diamond-1030x310.png\" class=\"attachment-large size-large wp-image-47723\" alt=\"\" srcset=\"https:\/\/caratdiamond.ch\/wp-content\/uploads\/2023\/05\/Gamme-su-misura-by-carat-diamond-1030x310.png 1030w, https:\/\/caratdiamond.ch\/wp-content\/uploads\/2023\/05\/Gamme-su-misura-by-carat-diamond-300x90.png 300w, https:\/\/caratdiamond.ch\/wp-content\/uploads\/2023\/05\/Gamme-su-misura-by-carat-diamond-768x231.png 768w, https:\/\/caratdiamond.ch\/wp-content\/uploads\/2023\/05\/Gamme-su-misura-by-carat-diamond-1536x462.png 1536w, https:\/\/caratdiamond.ch\/wp-content\/uploads\/2023\/05\/Gamme-su-misura-by-carat-diamond-600x180.png 600w, https:\/\/caratdiamond.ch\/wp-content\/uploads\/2023\/05\/Gamme-su-misura-by-carat-diamond.png 1650w\" sizes=\"(max-width: 1030px) 100vw, 1030px\" \/>\t\t\t\t\t\t\t\t\t\t\t\t\t\t\t<\/div>\n\t\t\t\t<\/div>\n\t\t\t\t<div class=\"elementor-element elementor-element-9aec379 elementor-widget elementor-widget-image\" data-id=\"9aec379\" data-element_type=\"widget\" data-widget_type=\"image.default\">\n\t\t\t\t<div class=\"elementor-widget-container\">\n\t\t\t\t\t\t\t\t\t\t\t\t\t\t\t<img decoding=\"async\" src=\"https:\/\/caratdiamond.ch\/wp-content\/uploads\/elementor\/thumbs\/Solitaire-OG-q6xs36hlpdppi0nxz7x6y7p34w7n4kb8el8oh02h4w.jpg\" title=\"Solitaire-OG\" alt=\"Solitaire-OG\" loading=\"lazy\" \/>\t\t\t\t\t\t\t\t\t\t\t\t\t\t\t<\/div>\n\t\t\t\t<\/div>\n\t\t\t\t<div class=\"elementor-element elementor-element-661a517 elementor-widget elementor-widget-text-editor\" data-id=\"661a517\" data-element_type=\"widget\" data-widget_type=\"text-editor.default\">\n\t\t\t\t<div class=\"elementor-widget-container\">\n\t\t\t\t\t\t\t\t\t<p style=\"font-weight: 400;\">Lassen Sie sich von einem Stein verf\u00fchren und lassen Sie Ihrer Fantasie freien Lauf bei der Kreation eines einzigartigen Schmuckst\u00fccks, das zu Ihnen passt &#8211; wir sind hier, um Ihnen zu helfen. Unser Gemmologe ist da, um Sie zu f\u00fchren.  <\/p>\n\t\t\t\t\t\t\t\t<\/div>\n\t\t\t\t<\/div>\n\t\t\t\t<div class=\"elementor-element elementor-element-a5642cb elementor-widget__width-auto elementor-align-center elementor-mobile-align-center elementor-widget-mobile__width-inherit elementor-tablet-align-center elementor-widget-tablet__width-inherit elementor-widget elementor-widget-button\" data-id=\"a5642cb\" data-element_type=\"widget\" data-widget_type=\"button.default\">\n\t\t\t\t<div class=\"elementor-widget-container\">\n\t\t\t\t\t\t\t\t\t<div class=\"elementor-button-wrapper\">\n\t\t\t\t\t<a class=\"elementor-button elementor-button-link elementor-size-lg\" href=\"https:\/\/caratdiamond.ch\/sur-l\">\n\t\t\t\t\t\t<span class=\"elementor-button-content-wrapper\">\n\t\t\t\t\t\t\t\t\t<span class=\"elementor-button-text\">Entdecken<\/span>\n\t\t\t\t\t<\/span>\n\t\t\t\t\t<\/a>\n\t\t\t\t<\/div>\n\t\t\t\t\t\t\t\t<\/div>\n\t\t\t\t<\/div>\n\t\t\t\t\t<\/div>\n\t\t\t\t<\/div>\n\t\t<div class=\"elementor-element elementor-element-a121d6c e-flex e-con-boxed e-con e-parent\" data-id=\"a121d6c\" data-element_type=\"container\" data-settings=\"{&quot;background_background&quot;:&quot;classic&quot;}\">\n\t\t\t\t\t<div class=\"e-con-inner\">\n\t\t\t\t<div class=\"elementor-element elementor-element-a293a34 elementor-widget elementor-widget-image\" data-id=\"a293a34\" data-element_type=\"widget\" data-widget_type=\"image.default\">\n\t\t\t\t<div class=\"elementor-widget-container\">\n\t\t\t\t\t\t\t\t\t\t\t\t\t\t\t<img loading=\"lazy\" decoding=\"async\" width=\"1030\" height=\"335\" src=\"https:\/\/caratdiamond.ch\/wp-content\/uploads\/2023\/05\/Gamme-Akhal-by-carat-diamond-1-1030x335.png\" class=\"attachment-large size-large wp-image-47751\" alt=\"\" srcset=\"https:\/\/caratdiamond.ch\/wp-content\/uploads\/2023\/05\/Gamme-Akhal-by-carat-diamond-1-1030x335.png 1030w, https:\/\/caratdiamond.ch\/wp-content\/uploads\/2023\/05\/Gamme-Akhal-by-carat-diamond-1-300x97.png 300w, https:\/\/caratdiamond.ch\/wp-content\/uploads\/2023\/05\/Gamme-Akhal-by-carat-diamond-1-768x249.png 768w, https:\/\/caratdiamond.ch\/wp-content\/uploads\/2023\/05\/Gamme-Akhal-by-carat-diamond-1-1536x499.png 1536w, https:\/\/caratdiamond.ch\/wp-content\/uploads\/2023\/05\/Gamme-Akhal-by-carat-diamond-1-600x195.png 600w, https:\/\/caratdiamond.ch\/wp-content\/uploads\/2023\/05\/Gamme-Akhal-by-carat-diamond-1.png 1558w\" sizes=\"(max-width: 1030px) 100vw, 1030px\" \/>\t\t\t\t\t\t\t\t\t\t\t\t\t\t\t<\/div>\n\t\t\t\t<\/div>\n\t\t\t\t<div class=\"elementor-element elementor-element-ccff0f9 elementor-widget elementor-widget-image\" data-id=\"ccff0f9\" data-element_type=\"widget\" data-widget_type=\"image.default\">\n\t\t\t\t<div class=\"elementor-widget-container\">\n\t\t\t\t\t\t\t\t\t\t\t\t\t\t\t<img decoding=\"async\" src=\"https:\/\/caratdiamond.ch\/wp-content\/uploads\/elementor\/thumbs\/akhal-bague-interchangeable-q6xsf41ugo1qvtbzavlp3paqlzedu8okdndksgdk5c.jpg\" title=\"akhal-bague-interchangeable\" alt=\"akhal-bague-interchangeable\" loading=\"lazy\" \/>\t\t\t\t\t\t\t\t\t\t\t\t\t\t\t<\/div>\n\t\t\t\t<\/div>\n\t\t\t\t<div class=\"elementor-element elementor-element-df602f6 elementor-widget elementor-widget-text-editor\" data-id=\"df602f6\" data-element_type=\"widget\" data-widget_type=\"text-editor.default\">\n\t\t\t\t<div class=\"elementor-widget-container\">\n\t\t\t\t\t\t\t\t\t<p>Ein innovatives Konzept f\u00fcr austauschbaren Schmuck. Besuchen Sie die spezielle Website, auf der Sie eine neue Form des Schmucks entdecken k\u00f6nnen. Wo das Sammeln von Steinen spielerisch wird.<\/p>\n\t\t\t\t\t\t\t\t<\/div>\n\t\t\t\t<\/div>\n\t\t\t\t<div class=\"elementor-element elementor-element-571ee28 elementor-widget__width-auto elementor-align-center elementor-mobile-align-center elementor-widget-mobile__width-inherit elementor-tablet-align-center elementor-widget-tablet__width-inherit elementor-widget elementor-widget-button\" data-id=\"571ee28\" data-element_type=\"widget\" data-widget_type=\"button.default\">\n\t\t\t\t<div class=\"elementor-widget-container\">\n\t\t\t\t\t\t\t\t\t<div class=\"elementor-button-wrapper\">\n\t\t\t\t\t<a class=\"elementor-button elementor-button-link elementor-size-lg\" href=\"https:\/\/caratdiamond.ch\/sur-l\">\n\t\t\t\t\t\t<span class=\"elementor-button-content-wrapper\">\n\t\t\t\t\t\t\t\t\t<span class=\"elementor-button-text\">Entdecken<\/span>\n\t\t\t\t\t<\/span>\n\t\t\t\t\t<\/a>\n\t\t\t\t<\/div>\n\t\t\t\t\t\t\t\t<\/div>\n\t\t\t\t<\/div>\n\t\t\t\t\t<\/div>\n\t\t\t\t<\/div>\n\t\t\t\t\t<\/div>\n\t\t\t\t<\/div>\n\t\t\t\t<\/div>\n\t\t\t\t\t<\/div>\n\t\t\t\t<\/div>\n\t\t\t\t<\/div>\n\t\t","protected":false},"excerpt":{"rendered":"<p>Die Carat Diamond-Reihen einzigartiger Schmuck nach Ihrem Bild Das feine und elegante minimalistische Schmuckst\u00fcck, das den Stein mit einem Minimum an Gold hervorhebt. W\u00e4hlen Sie Ihren Stein und die Art des Schmuckst\u00fccks, es ist einfach und raffiniert. Entdecken Lassen Sie sich von einem Stein verf\u00fchren und lassen Sie Ihrer Fantasie freien Lauf bei der Kreation [&hellip;]<\/p>\n","protected":false},"author":6,"featured_media":0,"parent":0,"menu_order":0,"comment_status":"closed","ping_status":"closed","template":"elementor_header_footer","meta":{"site-sidebar-layout":"no-sidebar","site-content-layout":"page-builder","ast-site-content-layout":"","site-content-style":"default","site-sidebar-style":"default","ast-global-header-display":"","ast-banner-title-visibility":"","ast-main-header-display":"","ast-hfb-above-header-display":"","ast-hfb-below-header-display":"","ast-hfb-mobile-header-display":"","site-post-title":"disabled","ast-breadcrumbs-content":"","ast-featured-img":"disabled","footer-sml-layout":"","theme-transparent-header-meta":"","adv-header-id-meta":"","stick-header-meta":"","header-above-stick-meta":"","header-main-stick-meta":"","header-below-stick-meta":"","astra-migrate-meta-layouts":"default","ast-page-background-enabled":"default","ast-page-background-meta":{"desktop":{"background-color":"","background-image":"","background-repeat":"repeat","background-position":"center center","background-size":"auto","background-attachment":"scroll","background-type":"","background-media":"","overlay-type":"","overlay-color":"","overlay-opacity":"","overlay-gradient":""},"tablet":{"background-color":"","background-image":"","background-repeat":"repeat","background-position":"center center","background-size":"auto","background-attachment":"scroll","background-type":"","background-media":"","overlay-type":"","overlay-color":"","overlay-opacity":"","overlay-gradient":""},"mobile":{"background-color":"","background-image":"","background-repeat":"repeat","background-position":"center center","background-size":"auto","background-attachment":"scroll","background-type":"","background-media":"","overlay-type":"","overlay-color":"","overlay-opacity":"","overlay-gradient":""}},"ast-content-background-meta":{"desktop":{"background-color":"var(--ast-global-color-5)","background-image":"","background-repeat":"repeat","background-position":"center center","background-size":"auto","background-attachment":"scroll","background-type":"","background-media":"","overlay-type":"","overlay-color":"","overlay-opacity":"","overlay-gradient":""},"tablet":{"background-color":"var(--ast-global-color-5)","background-image":"","background-repeat":"repeat","background-position":"center center","background-size":"auto","background-attachment":"scroll","background-type":"","background-media":"","overlay-type":"","overlay-color":"","overlay-opacity":"","overlay-gradient":""},"mobile":{"background-color":"var(--ast-global-color-5)","background-image":"","background-repeat":"repeat","background-position":"center center","background-size":"auto","background-attachment":"scroll","background-type":"","background-media":"","overlay-type":"","overlay-color":"","overlay-opacity":"","overlay-gradient":""}},"footnotes":""},"class_list":["post-47854","page","type-page","status-publish","hentry"],"_links":{"self":[{"href":"https:\/\/caratdiamond.ch\/de\/wp-json\/wp\/v2\/pages\/47854","targetHints":{"allow":["GET"]}}],"collection":[{"href":"https:\/\/caratdiamond.ch\/de\/wp-json\/wp\/v2\/pages"}],"about":[{"href":"https:\/\/caratdiamond.ch\/de\/wp-json\/wp\/v2\/types\/page"}],"author":[{"embeddable":true,"href":"https:\/\/caratdiamond.ch\/de\/wp-json\/wp\/v2\/users\/6"}],"replies":[{"embeddable":true,"href":"https:\/\/caratdiamond.ch\/de\/wp-json\/wp\/v2\/comments?post=47854"}],"version-history":[{"count":5,"href":"https:\/\/caratdiamond.ch\/de\/wp-json\/wp\/v2\/pages\/47854\/revisions"}],"predecessor-version":[{"id":49602,"href":"https:\/\/caratdiamond.ch\/de\/wp-json\/wp\/v2\/pages\/47854\/revisions\/49602"}],"wp:attachment":[{"href":"https:\/\/caratdiamond.ch\/de\/wp-json\/wp\/v2\/media?parent=47854"}],"curies":[{"name":"wp","href":"https:\/\/api.w.org\/{rel}","templated":true}]}}