{"id":42415,"date":"2021-11-16T07:31:11","date_gmt":"2021-11-16T06:31:11","guid":{"rendered":"https:\/\/caratdiamond.ch\/achal\/"},"modified":"2024-09-06T12:51:03","modified_gmt":"2024-09-06T10:51:03","slug":"achal","status":"publish","type":"page","link":"https:\/\/caratdiamond.ch\/de\/achal\/","title":{"rendered":"Akhal"},"content":{"rendered":"\t\t<div data-elementor-type=\"wp-page\" data-elementor-id=\"42415\" class=\"elementor elementor-42415\" data-elementor-post-type=\"page\">\n\t\t\t\t<div class=\"elementor-element elementor-element-2e8d0f7 e-con-full e-flex e-con e-parent\" data-id=\"2e8d0f7\" data-element_type=\"container\">\n\t\t<div class=\"elementor-element elementor-element-97d9a6d e-con-full e-flex e-con e-child\" data-id=\"97d9a6d\" data-element_type=\"container\" data-settings=\"{&quot;background_background&quot;:&quot;classic&quot;}\">\n\t\t<div class=\"elementor-element elementor-element-9a55184 e-flex e-con-boxed e-con e-child\" data-id=\"9a55184\" data-element_type=\"container\" data-settings=\"{&quot;background_background&quot;:&quot;classic&quot;}\">\n\t\t\t\t\t<div class=\"e-con-inner\">\n\t\t\t\t<div class=\"elementor-element elementor-element-1e0c87c elementor-widget elementor-widget-image\" data-id=\"1e0c87c\" data-element_type=\"widget\" data-widget_type=\"image.default\">\n\t\t\t\t<div class=\"elementor-widget-container\">\n\t\t\t\t\t\t\t\t\t\t\t\t\t\t\t<img fetchpriority=\"high\" decoding=\"async\" width=\"1030\" height=\"335\" src=\"https:\/\/caratdiamond.ch\/wp-content\/uploads\/2023\/05\/Gamme-Akhal-by-carat-diamond-1-1030x335.png\" class=\"attachment-large size-large wp-image-47751\" alt=\"\" srcset=\"https:\/\/caratdiamond.ch\/wp-content\/uploads\/2023\/05\/Gamme-Akhal-by-carat-diamond-1-1030x335.png 1030w, https:\/\/caratdiamond.ch\/wp-content\/uploads\/2023\/05\/Gamme-Akhal-by-carat-diamond-1-300x97.png 300w, https:\/\/caratdiamond.ch\/wp-content\/uploads\/2023\/05\/Gamme-Akhal-by-carat-diamond-1-768x249.png 768w, https:\/\/caratdiamond.ch\/wp-content\/uploads\/2023\/05\/Gamme-Akhal-by-carat-diamond-1-1536x499.png 1536w, https:\/\/caratdiamond.ch\/wp-content\/uploads\/2023\/05\/Gamme-Akhal-by-carat-diamond-1-600x195.png 600w, https:\/\/caratdiamond.ch\/wp-content\/uploads\/2023\/05\/Gamme-Akhal-by-carat-diamond-1.png 1558w\" sizes=\"(max-width: 1030px) 100vw, 1030px\" \/>\t\t\t\t\t\t\t\t\t\t\t\t\t\t\t<\/div>\n\t\t\t\t<\/div>\n\t\t\t\t<div class=\"elementor-element elementor-element-102c18b elementor-widget elementor-widget-heading\" data-id=\"102c18b\" data-element_type=\"widget\" data-widget_type=\"heading.default\">\n\t\t\t\t<div class=\"elementor-widget-container\">\n\t\t\t\t\t<h1 class=\"elementor-heading-title elementor-size-default\">Schmuck mit austauschbaren Steinen<\/h1>\t\t\t\t<\/div>\n\t\t\t\t<\/div>\n\t\t\t\t\t<\/div>\n\t\t\t\t<\/div>\n\t\t\t\t<\/div>\n\t\t\t\t<\/div>\n\t\t<div class=\"elementor-element elementor-element-d10b88c e-flex e-con-boxed e-con e-parent\" data-id=\"d10b88c\" data-element_type=\"container\" data-settings=\"{&quot;background_background&quot;:&quot;classic&quot;}\">\n\t\t\t\t\t<div class=\"e-con-inner\">\n\t\t<div class=\"elementor-element elementor-element-a36b6b7 e-con-full e-flex e-con e-child\" data-id=\"a36b6b7\" data-element_type=\"container\">\n\t\t\t\t<div class=\"elementor-element elementor-element-d949e15 elementor-widget elementor-widget-heading\" data-id=\"d949e15\" data-element_type=\"widget\" data-widget_type=\"heading.default\">\n\t\t\t\t<div class=\"elementor-widget-container\">\n\t\t\t\t\t<h2 class=\"elementor-heading-title elementor-size-default\">Etwas Au\u00dfergew\u00f6hnliches wagen<\/h2>\t\t\t\t<\/div>\n\t\t\t\t<\/div>\n\t\t\t\t<div class=\"elementor-element elementor-element-d4a9781 elementor-invisible elementor-widget elementor-widget-heading\" data-id=\"d4a9781\" data-element_type=\"widget\" data-settings=\"{&quot;_animation&quot;:&quot;fadeIn&quot;}\" data-widget_type=\"heading.default\">\n\t\t\t\t<div class=\"elementor-widget-container\">\n\t\t\t\t\t<h3 class=\"elementor-heading-title elementor-size-default\">Sind Sie es leid, immer wieder das gleiche Schmuckst\u00fcck zu tragen?<\/h3>\t\t\t\t<\/div>\n\t\t\t\t<\/div>\n\t\t\t\t<div class=\"elementor-element elementor-element-f1a9771 elementor-widget elementor-widget-text-editor\" data-id=\"f1a9771\" data-element_type=\"widget\" data-widget_type=\"text-editor.default\">\n\t\t\t\t<div class=\"elementor-widget-container\">\n\t\t\t\t\t\t\t\t\t<p>Wir sind stolz darauf, Ihnen unsere Innovation vorzustellen: den Akhal-Schmuck mit austauschbaren Steinen!<br \/>Dieses einzigartige Konzept erm\u00f6glicht es Ihnen, Ihren Schmuck je nach Stimmung, Outfit oder Veranstaltung, zu der Sie gehen, anzupassen.<br \/>Unser Schmuck wird in der Schweiz aus Natursteinen handgefertigt und wir freuen uns darauf, Ihnen unsere Kollektion vorzustellen.<\/p>\n\t\t\t\t\t\t\t\t<\/div>\n\t\t\t\t<\/div>\n\t\t\t\t<\/div>\n\t\t\t\t\t<\/div>\n\t\t\t\t<\/div>\n\t\t<div class=\"elementor-element elementor-element-022448d elementor-hidden-desktop e-flex e-con-boxed e-con e-parent\" data-id=\"022448d\" data-element_type=\"container\">\n\t\t\t\t\t<div class=\"e-con-inner\">\n\t\t\t\t<div class=\"elementor-element elementor-element-0787c77 elementor-widget elementor-widget-image\" data-id=\"0787c77\" data-element_type=\"widget\" data-widget_type=\"image.default\">\n\t\t\t\t<div class=\"elementor-widget-container\">\n\t\t\t\t\t\t\t\t\t\t\t\t\t\t\t<img decoding=\"async\" width=\"1030\" height=\"579\" src=\"https:\/\/caratdiamond.ch\/wp-content\/uploads\/2023\/05\/fondateurs-akhal-joaillerie-by-carat-diamond-1030x579.gif\" class=\"attachment-large size-large wp-image-47877\" alt=\"bague \u00e0 pierres interchangeables\" srcset=\"https:\/\/caratdiamond.ch\/wp-content\/uploads\/2023\/05\/fondateurs-akhal-joaillerie-by-carat-diamond-1030x579.gif 1030w, https:\/\/caratdiamond.ch\/wp-content\/uploads\/2023\/05\/fondateurs-akhal-joaillerie-by-carat-diamond-300x169.gif 300w, https:\/\/caratdiamond.ch\/wp-content\/uploads\/2023\/05\/fondateurs-akhal-joaillerie-by-carat-diamond-768x432.gif 768w, https:\/\/caratdiamond.ch\/wp-content\/uploads\/2023\/05\/fondateurs-akhal-joaillerie-by-carat-diamond-1536x864.gif 1536w, https:\/\/caratdiamond.ch\/wp-content\/uploads\/2023\/05\/fondateurs-akhal-joaillerie-by-carat-diamond-600x338.gif 600w\" sizes=\"(max-width: 1030px) 100vw, 1030px\" \/>\t\t\t\t\t\t\t\t\t\t\t\t\t\t\t<\/div>\n\t\t\t\t<\/div>\n\t\t\t\t\t<\/div>\n\t\t\t\t<\/div>\n\t\t<div class=\"elementor-element elementor-element-a95c368 e-flex e-con-boxed e-con e-parent\" data-id=\"a95c368\" data-element_type=\"container\" data-settings=\"{&quot;background_background&quot;:&quot;classic&quot;}\">\n\t\t\t\t\t<div class=\"e-con-inner\">\n\t\t<div class=\"elementor-element elementor-element-a9cdd88 e-con-full e-flex e-con e-child\" data-id=\"a9cdd88\" data-element_type=\"container\">\n\t\t<div class=\"elementor-element elementor-element-e8021fd e-con-full elementor-hidden-tablet elementor-hidden-mobile e-flex e-con e-child\" data-id=\"e8021fd\" data-element_type=\"container\" data-settings=\"{&quot;background_background&quot;:&quot;classic&quot;}\">\n\t\t\t\t<\/div>\n\t\t<div class=\"elementor-element elementor-element-a338c69 e-con-full e-flex e-con e-child\" data-id=\"a338c69\" data-element_type=\"container\" data-settings=\"{&quot;background_background&quot;:&quot;classic&quot;}\">\n\t\t<div class=\"elementor-element elementor-element-72d635c e-con-full e-flex e-con e-child\" data-id=\"72d635c\" data-element_type=\"container\" data-settings=\"{&quot;background_background&quot;:&quot;classic&quot;}\">\n\t\t\t\t<div class=\"elementor-element elementor-element-6f067d6 elementor-widget elementor-widget-heading\" data-id=\"6f067d6\" data-element_type=\"widget\" data-widget_type=\"heading.default\">\n\t\t\t\t<div class=\"elementor-widget-container\">\n\t\t\t\t\t<h2 class=\"elementor-heading-title elementor-size-default\">Ein einzigartiges Konzept<\/h2>\t\t\t\t<\/div>\n\t\t\t\t<\/div>\n\t\t\t\t<div class=\"elementor-element elementor-element-4135372 elementor-invisible elementor-widget elementor-widget-heading\" data-id=\"4135372\" data-element_type=\"widget\" data-settings=\"{&quot;_animation&quot;:&quot;fadeIn&quot;}\" data-widget_type=\"heading.default\">\n\t\t\t\t<div class=\"elementor-widget-container\">\n\t\t\t\t\t<h3 class=\"elementor-heading-title elementor-size-default\">Ein einziges Schmuckst\u00fcck, unendlich viele Gems<\/h3>\t\t\t\t<\/div>\n\t\t\t\t<\/div>\n\t\t\t\t<div class=\"elementor-element elementor-element-c1392a6 elementor-widget elementor-widget-text-editor\" data-id=\"c1392a6\" data-element_type=\"widget\" data-widget_type=\"text-editor.default\">\n\t\t\t\t<div class=\"elementor-widget-container\">\n\t\t\t\t\t\t\t\t\t<p><span style=\"font-weight: 400;\">Unser Wunsch ist es, Ihnen ein Schmuckst\u00fcck mit mehreren Steinen anzubieten. Diese Steine, die an Ihr Schmuckst\u00fcck angepasst werden k\u00f6nnen, hei\u00dfen Gems!<\/span><\/p>\n<p><span style=\"font-weight: 400;\">Wir haben eine Leidenschaft f\u00fcr Steine und insbesondere f\u00fcr farbige Steine, die f\u00fcr uns unbezahlbare Juwelen der Natur sind. Wir m\u00f6chten Ihnen mit unserem Schmuck mit austauschbaren Steinen die M\u00f6glichkeit geben, die Juwelen der Erde nach Lust und Laune grenzenlos zu tragen!<\/span><\/p><\/p>\n\t\t\t\t\t\t\t\t<\/div>\n\t\t\t\t<\/div>\n\t\t\t\t<\/div>\n\t\t\t\t<\/div>\n\t\t\t\t<\/div>\n\t\t\t\t\t<\/div>\n\t\t\t\t<\/div>\n\t\t<div class=\"elementor-element elementor-element-34ed3c9 e-flex e-con-boxed e-con e-parent\" data-id=\"34ed3c9\" data-element_type=\"container\">\n\t\t\t\t\t<div class=\"e-con-inner\">\n\t\t\t\t<div class=\"elementor-element elementor-element-35043a5 elementor-widget elementor-widget-heading\" data-id=\"35043a5\" data-element_type=\"widget\" data-widget_type=\"heading.default\">\n\t\t\t\t<div class=\"elementor-widget-container\">\n\t\t\t\t\t<h2 class=\"elementor-heading-title elementor-size-default\">Entdecken Sie die Boutique Akhal<\/h2>\t\t\t\t<\/div>\n\t\t\t\t<\/div>\n\t\t\t\t<div class=\"elementor-element elementor-element-1b002c6 elementor-widget__width-auto elementor-align-center elementor-mobile-align-center elementor-widget-mobile__width-inherit elementor-tablet-align-center elementor-widget-tablet__width-inherit elementor-widget elementor-widget-button\" data-id=\"1b002c6\" data-element_type=\"widget\" data-widget_type=\"button.default\">\n\t\t\t\t<div class=\"elementor-widget-container\">\n\t\t\t\t\t\t\t\t\t<div class=\"elementor-button-wrapper\">\n\t\t\t\t\t<a class=\"elementor-button elementor-button-link elementor-size-lg\" href=\"https:\/\/akhal-jewelry.com\/fr\/\" target=\"_blank\" rel=\"noopener\">\n\t\t\t\t\t\t<span class=\"elementor-button-content-wrapper\">\n\t\t\t\t\t\t\t\t\t<span class=\"elementor-button-text\">Akhal-Shop<\/span>\n\t\t\t\t\t<\/span>\n\t\t\t\t\t<\/a>\n\t\t\t\t<\/div>\n\t\t\t\t\t\t\t\t<\/div>\n\t\t\t\t<\/div>\n\t\t\t\t\t<\/div>\n\t\t\t\t<\/div>\n\t\t\t\t<\/div>\n\t\t","protected":false},"excerpt":{"rendered":"<p>Schmuck mit austauschbaren Steinen Etwas Au\u00dfergew\u00f6hnliches wagen Sind Sie es leid, immer wieder das gleiche Schmuckst\u00fcck zu tragen? Wir sind stolz darauf, Ihnen unsere Innovation vorzustellen: den Akhal-Schmuck mit austauschbaren Steinen!Dieses einzigartige Konzept erm\u00f6glicht es Ihnen, Ihren Schmuck je nach Stimmung, Outfit oder Veranstaltung, zu der Sie gehen, anzupassen.Unser Schmuck wird in der Schweiz aus [&hellip;]<\/p>\n","protected":false},"author":6,"featured_media":0,"parent":0,"menu_order":0,"comment_status":"closed","ping_status":"closed","template":"elementor_header_footer","meta":{"site-sidebar-layout":"no-sidebar","site-content-layout":"page-builder","ast-site-content-layout":"","site-content-style":"default","site-sidebar-style":"default","ast-global-header-display":"","ast-banner-title-visibility":"","ast-main-header-display":"","ast-hfb-above-header-display":"","ast-hfb-below-header-display":"","ast-hfb-mobile-header-display":"","site-post-title":"disabled","ast-breadcrumbs-content":"","ast-featured-img":"disabled","footer-sml-layout":"","theme-transparent-header-meta":"default","adv-header-id-meta":"","stick-header-meta":"","header-above-stick-meta":"","header-main-stick-meta":"","header-below-stick-meta":"","astra-migrate-meta-layouts":"default","ast-page-background-enabled":"default","ast-page-background-meta":{"desktop":{"background-color":"","background-image":"","background-repeat":"repeat","background-position":"center center","background-size":"auto","background-attachment":"scroll","background-type":"","background-media":"","overlay-type":"","overlay-color":"","overlay-opacity":"","overlay-gradient":""},"tablet":{"background-color":"","background-image":"","background-repeat":"repeat","background-position":"center center","background-size":"auto","background-attachment":"scroll","background-type":"","background-media":"","overlay-type":"","overlay-color":"","overlay-opacity":"","overlay-gradient":""},"mobile":{"background-color":"","background-image":"","background-repeat":"repeat","background-position":"center center","background-size":"auto","background-attachment":"scroll","background-type":"","background-media":"","overlay-type":"","overlay-color":"","overlay-opacity":"","overlay-gradient":""}},"ast-content-background-meta":{"desktop":{"background-color":"var(--ast-global-color-5)","background-image":"","background-repeat":"repeat","background-position":"center center","background-size":"auto","background-attachment":"scroll","background-type":"","background-media":"","overlay-type":"","overlay-color":"","overlay-opacity":"","overlay-gradient":""},"tablet":{"background-color":"var(--ast-global-color-5)","background-image":"","background-repeat":"repeat","background-position":"center center","background-size":"auto","background-attachment":"scroll","background-type":"","background-media":"","overlay-type":"","overlay-color":"","overlay-opacity":"","overlay-gradient":""},"mobile":{"background-color":"var(--ast-global-color-5)","background-image":"","background-repeat":"repeat","background-position":"center center","background-size":"auto","background-attachment":"scroll","background-type":"","background-media":"","overlay-type":"","overlay-color":"","overlay-opacity":"","overlay-gradient":""}},"footnotes":""},"class_list":["post-42415","page","type-page","status-publish","hentry"],"_links":{"self":[{"href":"https:\/\/caratdiamond.ch\/de\/wp-json\/wp\/v2\/pages\/42415","targetHints":{"allow":["GET"]}}],"collection":[{"href":"https:\/\/caratdiamond.ch\/de\/wp-json\/wp\/v2\/pages"}],"about":[{"href":"https:\/\/caratdiamond.ch\/de\/wp-json\/wp\/v2\/types\/page"}],"author":[{"embeddable":true,"href":"https:\/\/caratdiamond.ch\/de\/wp-json\/wp\/v2\/users\/6"}],"replies":[{"embeddable":true,"href":"https:\/\/caratdiamond.ch\/de\/wp-json\/wp\/v2\/comments?post=42415"}],"version-history":[{"count":15,"href":"https:\/\/caratdiamond.ch\/de\/wp-json\/wp\/v2\/pages\/42415\/revisions"}],"predecessor-version":[{"id":50069,"href":"https:\/\/caratdiamond.ch\/de\/wp-json\/wp\/v2\/pages\/42415\/revisions\/50069"}],"wp:attachment":[{"href":"https:\/\/caratdiamond.ch\/de\/wp-json\/wp\/v2\/media?parent=42415"}],"curies":[{"name":"wp","href":"https:\/\/api.w.org\/{rel}","templated":true}]}}