{"id":42374,"date":"2021-05-25T09:56:35","date_gmt":"2021-05-25T07:56:35","guid":{"rendered":"https:\/\/caratdiamond.ch\/anbieten\/"},"modified":"2023-06-14T21:28:31","modified_gmt":"2023-06-14T19:28:31","slug":"anbieten","status":"publish","type":"page","link":"https:\/\/caratdiamond.ch\/de\/anbieten\/","title":{"rendered":"Anbieten"},"content":{"rendered":"\t\t<div data-elementor-type=\"wp-page\" data-elementor-id=\"42374\" class=\"elementor elementor-42374\" data-elementor-post-type=\"page\">\n\t\t\t\t<div class=\"elementor-element elementor-element-36437c1 e-con-full e-flex e-con e-parent\" data-id=\"36437c1\" data-element_type=\"container\">\n\t\t<div class=\"elementor-element elementor-element-9e37d5d e-con-full e-flex e-con e-parent\" data-id=\"9e37d5d\" data-element_type=\"container\" data-settings=\"{&quot;background_background&quot;:&quot;classic&quot;}\">\n\t\t<div class=\"elementor-element elementor-element-583d9fe e-con-full e-flex e-con e-parent\" data-id=\"583d9fe\" data-element_type=\"container\" data-settings=\"{&quot;background_background&quot;:&quot;classic&quot;}\">\n\t\t\t\t<div class=\"elementor-element elementor-element-aadf3cd elementor-widget elementor-widget-heading\" data-id=\"aadf3cd\" data-element_type=\"widget\" data-widget_type=\"heading.default\">\n\t\t\t\t<div class=\"elementor-widget-container\">\n\t\t\t\t\t<h2 class=\"elementor-heading-title elementor-size-default\"><a href=\"https:\/\/caratdiamond.ch\/boutique\/\">Anbieten<\/a><\/h2>\t\t\t\t<\/div>\n\t\t\t\t<\/div>\n\t\t\t\t<div class=\"elementor-element elementor-element-b08e528 elementor-invisible elementor-widget elementor-widget-heading\" data-id=\"b08e528\" data-element_type=\"widget\" data-settings=\"{&quot;_animation&quot;:&quot;fadeIn&quot;}\" data-widget_type=\"heading.default\">\n\t\t\t\t<div class=\"elementor-widget-container\">\n\t\t\t\t\t<h2 class=\"elementor-heading-title elementor-size-default\">ein Geschenk von unsch\u00e4tzbarem Wert<\/h2>\t\t\t\t<\/div>\n\t\t\t\t<\/div>\n\t\t\t\t<\/div>\n\t\t\t\t<\/div>\n\t\t\t\t<\/div>\n\t\t<div class=\"elementor-element elementor-element-8aef2e2 e-flex e-con-boxed e-con e-parent\" data-id=\"8aef2e2\" data-element_type=\"container\">\n\t\t\t\t\t<div class=\"e-con-inner\">\n\t\t<div class=\"elementor-element elementor-element-aee2ba1 e-con-full e-flex e-con e-parent\" data-id=\"aee2ba1\" data-element_type=\"container\">\n\t\t\t\t<div class=\"elementor-element elementor-element-7dd160b elementor-invisible elementor-widget elementor-widget-heading\" data-id=\"7dd160b\" data-element_type=\"widget\" data-settings=\"{&quot;_animation&quot;:&quot;fadeIn&quot;}\" data-widget_type=\"heading.default\">\n\t\t\t\t<div class=\"elementor-widget-container\">\n\t\t\t\t\t<h3 class=\"elementor-heading-title elementor-size-default\">Personalisierter Schmuck, ma\u00dfgeschneidert f\u00fcr ein einzigartiges Geschenk<\/h3>\t\t\t\t<\/div>\n\t\t\t\t<\/div>\n\t\t\t\t<\/div>\n\t\t<div class=\"elementor-element elementor-element-38cc55d e-con-full e-flex e-con e-parent\" data-id=\"38cc55d\" data-element_type=\"container\">\n\t\t\t\t<div class=\"elementor-element elementor-element-5f15a43 elementor-widget elementor-widget-text-editor\" data-id=\"5f15a43\" data-element_type=\"widget\" data-widget_type=\"text-editor.default\">\n\t\t\t\t<div class=\"elementor-widget-container\">\n\t\t\t\t\t\t\t\t\t<p>Unser Expertenteam unterst\u00fctzt Sie bei der Kreation von personalisiertem, ma\u00dfgeschneidertem Schmuck, um ein einzigartiges Geschenk zu machen (oder sich es selbst zu schenken).<\/p>\n<p>Ob f\u00fcr einen besonderen Anlass oder ein wichtiges Ereignis, wir helfen Ihnen dabei, DEN individuellen Schmuck herzustellen.<\/p>\n\t\t\t\t\t\t\t\t<\/div>\n\t\t\t\t<\/div>\n\t\t\t\t<div class=\"elementor-element elementor-element-a20aa58 elementor-align-center elementor-tablet-align-center elementor-mobile-align-center elementor-widget__width-auto elementor-widget-tablet__width-inherit elementor-widget-mobile__width-inherit elementor-widget elementor-widget-button\" data-id=\"a20aa58\" data-element_type=\"widget\" data-widget_type=\"button.default\">\n\t\t\t\t<div class=\"elementor-widget-container\">\n\t\t\t\t\t\t\t\t\t<div class=\"elementor-button-wrapper\">\n\t\t\t\t\t<a class=\"elementor-button elementor-button-link elementor-size-lg\" href=\"https:\/\/caratdiamond.ch\/de\/?page_id=42368\">\n\t\t\t\t\t\t<span class=\"elementor-button-content-wrapper\">\n\t\t\t\t\t\t\t\t\t<span class=\"elementor-button-text\">mein Schmuckst\u00fcck entwerfen<\/span>\n\t\t\t\t\t<\/span>\n\t\t\t\t\t<\/a>\n\t\t\t\t<\/div>\n\t\t\t\t\t\t\t\t<\/div>\n\t\t\t\t<\/div>\n\t\t\t\t<\/div>\n\t\t\t\t\t<\/div>\n\t\t\t\t<\/div>\n\t\t<div class=\"elementor-element elementor-element-72df599 e-flex e-con-boxed e-con e-parent\" data-id=\"72df599\" data-element_type=\"container\" data-settings=\"{&quot;background_background&quot;:&quot;classic&quot;}\">\n\t\t\t\t\t<div class=\"e-con-inner\">\n\t\t<div class=\"elementor-element elementor-element-7666043 e-con-full e-flex e-con e-parent\" data-id=\"7666043\" data-element_type=\"container\" data-settings=\"{&quot;background_background&quot;:&quot;classic&quot;}\">\n\t\t\t\t<div class=\"elementor-element elementor-element-6e01acd elementor-widget elementor-widget-heading\" data-id=\"6e01acd\" data-element_type=\"widget\" data-widget_type=\"heading.default\">\n\t\t\t\t<div class=\"elementor-widget-container\">\n\t\t\t\t\t<h2 class=\"elementor-heading-title elementor-size-default\"><a href=\"https:\/\/caratdiamond.ch\/boutique\/\">Die Entscheidung f\u00fcr Ma\u00dfarbeit<\/a><\/h2>\t\t\t\t<\/div>\n\t\t\t\t<\/div>\n\t\t\t\t<div class=\"elementor-element elementor-element-2b83826 elementor-invisible elementor-widget elementor-widget-heading\" data-id=\"2b83826\" data-element_type=\"widget\" data-settings=\"{&quot;_animation&quot;:&quot;fadeIn&quot;}\" data-widget_type=\"heading.default\">\n\t\t\t\t<div class=\"elementor-widget-container\">\n\t\t\t\t\t<h3 class=\"elementor-heading-title elementor-size-default\">f\u00fcr ein Geschenk<\/h3>\t\t\t\t<\/div>\n\t\t\t\t<\/div>\n\t\t\t\t<div class=\"elementor-element elementor-element-ba4c77f elementor-widget elementor-widget-text-editor\" data-id=\"ba4c77f\" data-element_type=\"widget\" data-widget_type=\"text-editor.default\">\n\t\t\t\t<div class=\"elementor-widget-container\">\n\t\t\t\t\t\t\t\t\t<p>Ein pers\u00f6nliches Schmuckst\u00fcck mit einem Edelstein zu verschenken, ist eine au\u00dfergew\u00f6hnliche Art, einen wichtigen Moment zu markieren. Indem Sie jedes Detail ausw\u00e4hlen, vom Design bis zur Auswahl des Steins, schaffen Sie ein einzigartiges Geschenk, das Ihre Aufmerksamkeit ausdr\u00fcckt. Dieses ma\u00dfgefertigte Schmuckst\u00fcck wird zu einem echten Symbol f\u00fcr die Einzigartigkeit der Person, die es tr\u00e4gt, und jedes Mal, wenn sie es ansieht, wird sie sich an diesen besonderen Moment erinnern, in dem Sie ihr ein Zeichen Ihrer aufrichtigen Zuneigung geschenkt haben.<\/p>\n\t\t\t\t\t\t\t\t<\/div>\n\t\t\t\t<\/div>\n\t\t\t\t<div class=\"elementor-element elementor-element-f6467ac elementor-widget__width-auto elementor-align-center elementor-mobile-align-center elementor-widget-mobile__width-inherit elementor-tablet-align-center elementor-widget-tablet__width-inherit elementor-widget elementor-widget-button\" data-id=\"f6467ac\" data-element_type=\"widget\" data-widget_type=\"button.default\">\n\t\t\t\t<div class=\"elementor-widget-container\">\n\t\t\t\t\t\t\t\t\t<div class=\"elementor-button-wrapper\">\n\t\t\t\t\t<a class=\"elementor-button elementor-button-link elementor-size-lg\" href=\"https:\/\/caratdiamond.ch\/de\/?page_id=42368\">\n\t\t\t\t\t\t<span class=\"elementor-button-content-wrapper\">\n\t\t\t\t\t\t\t\t\t<span class=\"elementor-button-text\">einen Termin vereinbaren<\/span>\n\t\t\t\t\t<\/span>\n\t\t\t\t\t<\/a>\n\t\t\t\t<\/div>\n\t\t\t\t\t\t\t\t<\/div>\n\t\t\t\t<\/div>\n\t\t\t\t<\/div>\n\t\t<div class=\"elementor-element elementor-element-69f65a4 e-con-full elementor-hidden-mobile e-flex e-con e-parent\" data-id=\"69f65a4\" data-element_type=\"container\">\n\t\t\t\t<\/div>\n\t\t\t\t\t<\/div>\n\t\t\t\t<\/div>\n\t\t<div class=\"elementor-element elementor-element-4ecb980 e-flex e-con-boxed e-con e-parent\" data-id=\"4ecb980\" data-element_type=\"container\" data-settings=\"{&quot;background_background&quot;:&quot;classic&quot;}\">\n\t\t\t\t\t<div class=\"e-con-inner\">\n\t\t<div class=\"elementor-element elementor-element-7677463 e-con-full e-flex e-con e-parent\" data-id=\"7677463\" data-element_type=\"container\">\n\t\t\t\t<div class=\"elementor-element elementor-element-076f7a7 elementor-widget elementor-widget-spacer\" data-id=\"076f7a7\" data-element_type=\"widget\" data-widget_type=\"spacer.default\">\n\t\t\t\t<div class=\"elementor-widget-container\">\n\t\t\t\t\t\t\t<div class=\"elementor-spacer\">\n\t\t\t<div class=\"elementor-spacer-inner\"><\/div>\n\t\t<\/div>\n\t\t\t\t\t\t<\/div>\n\t\t\t\t<\/div>\n\t\t\t\t<\/div>\n\t\t<div class=\"elementor-element elementor-element-cd2d097 e-con-full e-flex e-con e-parent\" data-id=\"cd2d097\" data-element_type=\"container\">\n\t\t\t\t<div class=\"elementor-element elementor-element-3834c7e elementor-invisible elementor-widget elementor-widget-heading\" data-id=\"3834c7e\" data-element_type=\"widget\" data-settings=\"{&quot;_animation&quot;:&quot;fadeIn&quot;}\" data-widget_type=\"heading.default\">\n\t\t\t\t<div class=\"elementor-widget-container\">\n\t\t\t\t\t<h3 class=\"elementor-heading-title elementor-size-default\">Warum sollten Sie Carat Diamond vertrauen, wenn es um die Herstellung eines ma\u00dfgeschneiderten Schmuckst\u00fccks zum Verschenken geht?  <\/h3>\t\t\t\t<\/div>\n\t\t\t\t<\/div>\n\t\t\t\t<div class=\"elementor-element elementor-element-69e1f73 elementor-widget elementor-widget-text-editor\" data-id=\"69e1f73\" data-element_type=\"widget\" data-widget_type=\"text-editor.default\">\n\t\t\t\t<div class=\"elementor-widget-container\">\n\t\t\t\t\t\t\t\t\t<p>Unser Schmuck wird in der Schweiz aus hochwertigen ethischen Materialien und von leidenschaftlichen Experten hergestellt.<\/p>\n<p>Wir machen es uns zur Ehrensache, unsere Kunden bei der Kreation eines symboltr\u00e4chtigen und wichtigen Schmuckst\u00fccks zu beraten und zu begleiten.<\/p>\n\t\t\t\t\t\t\t\t<\/div>\n\t\t\t\t<\/div>\n\t\t\t\t<\/div>\n\t\t\t\t\t<\/div>\n\t\t\t\t<\/div>\n\t\t<div class=\"elementor-element elementor-element-e0da3b2 e-flex e-con-boxed e-con e-parent\" data-id=\"e0da3b2\" data-element_type=\"container\" data-settings=\"{&quot;background_background&quot;:&quot;classic&quot;}\">\n\t\t\t\t\t<div class=\"e-con-inner\">\n\t\t<div class=\"elementor-element elementor-element-2e6b9c9 e-con-full e-flex e-con e-parent\" data-id=\"2e6b9c9\" data-element_type=\"container\">\n\t\t<div class=\"elementor-element elementor-element-8c01268 e-flex e-con-boxed e-con e-parent\" data-id=\"8c01268\" data-element_type=\"container\" data-settings=\"{&quot;background_background&quot;:&quot;classic&quot;}\">\n\t\t\t\t\t<div class=\"e-con-inner\">\n\t\t\t\t<div class=\"elementor-element elementor-element-10079f6 elementor-widget elementor-widget-heading\" data-id=\"10079f6\" data-element_type=\"widget\" data-widget_type=\"heading.default\">\n\t\t\t\t<div class=\"elementor-widget-container\">\n\t\t\t\t\t<h2 class=\"elementor-heading-title elementor-size-default\">Lassen Sie uns gemeinsam das Schmuckst\u00fcck Ihrer Tr\u00e4ume anfertigen<\/h2>\t\t\t\t<\/div>\n\t\t\t\t<\/div>\n\t\t\t\t<div class=\"elementor-element elementor-element-455a2fb elementor-widget elementor-widget-text-editor\" data-id=\"455a2fb\" data-element_type=\"widget\" data-widget_type=\"text-editor.default\">\n\t\t\t\t<div class=\"elementor-widget-container\">\n\t\t\t\t\t\t\t\t\t<p>Wir begleiten Sie bei Ihrem Projekt, um Ihr Traumschmuckst\u00fcck zu verwirklichen!<\/p>\n\t\t\t\t\t\t\t\t<\/div>\n\t\t\t\t<\/div>\n\t\t\t\t<div class=\"elementor-element elementor-element-b9a9e9d elementor-align-center elementor-tablet-align-center elementor-mobile-align-center elementor-widget__width-auto elementor-widget-tablet__width-inherit elementor-widget-mobile__width-inherit elementor-widget elementor-widget-button\" data-id=\"b9a9e9d\" data-element_type=\"widget\" data-widget_type=\"button.default\">\n\t\t\t\t<div class=\"elementor-widget-container\">\n\t\t\t\t\t\t\t\t\t<div class=\"elementor-button-wrapper\">\n\t\t\t\t\t<a class=\"elementor-button elementor-button-link elementor-size-lg\" href=\"https:\/\/caratdiamond.ch\/de\/?page_id=42368\">\n\t\t\t\t\t\t<span class=\"elementor-button-content-wrapper\">\n\t\t\t\t\t\t\t\t\t<span class=\"elementor-button-text\">Kontaktieren Sie uns<\/span>\n\t\t\t\t\t<\/span>\n\t\t\t\t\t<\/a>\n\t\t\t\t<\/div>\n\t\t\t\t\t\t\t\t<\/div>\n\t\t\t\t<\/div>\n\t\t\t\t\t<\/div>\n\t\t\t\t<\/div>\n\t\t\t\t<\/div>\n\t\t\t\t\t<\/div>\n\t\t\t\t<\/div>\n\t\t\t\t<\/div>\n\t\t","protected":false},"excerpt":{"rendered":"<p>Anbieten ein Geschenk von unsch\u00e4tzbarem Wert Personalisierter Schmuck, ma\u00dfgeschneidert f\u00fcr ein einzigartiges Geschenk Unser Expertenteam unterst\u00fctzt Sie bei der Kreation von personalisiertem, ma\u00dfgeschneidertem Schmuck, um ein einzigartiges Geschenk zu machen (oder sich es selbst zu schenken). Ob f\u00fcr einen besonderen Anlass oder ein wichtiges Ereignis, wir helfen Ihnen dabei, DEN individuellen Schmuck herzustellen. mein Schmuckst\u00fcck [&hellip;]<\/p>\n","protected":false},"author":6,"featured_media":0,"parent":0,"menu_order":0,"comment_status":"closed","ping_status":"closed","template":"elementor_header_footer","meta":{"site-sidebar-layout":"default","site-content-layout":"","ast-site-content-layout":"","site-content-style":"default","site-sidebar-style":"default","ast-global-header-display":"","ast-banner-title-visibility":"","ast-main-header-display":"","ast-hfb-above-header-display":"","ast-hfb-below-header-display":"","ast-hfb-mobile-header-display":"","site-post-title":"","ast-breadcrumbs-content":"","ast-featured-img":"","footer-sml-layout":"","theme-transparent-header-meta":"","adv-header-id-meta":"","stick-header-meta":"","header-above-stick-meta":"","header-main-stick-meta":"","header-below-stick-meta":"","astra-migrate-meta-layouts":"default","ast-page-background-enabled":"default","ast-page-background-meta":{"desktop":{"background-color":"","background-image":"","background-repeat":"repeat","background-position":"center center","background-size":"auto","background-attachment":"scroll","background-type":"","background-media":"","overlay-type":"","overlay-color":"","overlay-opacity":"","overlay-gradient":""},"tablet":{"background-color":"","background-image":"","background-repeat":"repeat","background-position":"center center","background-size":"auto","background-attachment":"scroll","background-type":"","background-media":"","overlay-type":"","overlay-color":"","overlay-opacity":"","overlay-gradient":""},"mobile":{"background-color":"","background-image":"","background-repeat":"repeat","background-position":"center center","background-size":"auto","background-attachment":"scroll","background-type":"","background-media":"","overlay-type":"","overlay-color":"","overlay-opacity":"","overlay-gradient":""}},"ast-content-background-meta":{"desktop":{"background-color":"var(--ast-global-color-5)","background-image":"","background-repeat":"repeat","background-position":"center center","background-size":"auto","background-attachment":"scroll","background-type":"","background-media":"","overlay-type":"","overlay-color":"","overlay-opacity":"","overlay-gradient":""},"tablet":{"background-color":"var(--ast-global-color-5)","background-image":"","background-repeat":"repeat","background-position":"center center","background-size":"auto","background-attachment":"scroll","background-type":"","background-media":"","overlay-type":"","overlay-color":"","overlay-opacity":"","overlay-gradient":""},"mobile":{"background-color":"var(--ast-global-color-5)","background-image":"","background-repeat":"repeat","background-position":"center center","background-size":"auto","background-attachment":"scroll","background-type":"","background-media":"","overlay-type":"","overlay-color":"","overlay-opacity":"","overlay-gradient":""}},"footnotes":""},"class_list":["post-42374","page","type-page","status-publish","hentry"],"_links":{"self":[{"href":"https:\/\/caratdiamond.ch\/de\/wp-json\/wp\/v2\/pages\/42374","targetHints":{"allow":["GET"]}}],"collection":[{"href":"https:\/\/caratdiamond.ch\/de\/wp-json\/wp\/v2\/pages"}],"about":[{"href":"https:\/\/caratdiamond.ch\/de\/wp-json\/wp\/v2\/types\/page"}],"author":[{"embeddable":true,"href":"https:\/\/caratdiamond.ch\/de\/wp-json\/wp\/v2\/users\/6"}],"replies":[{"embeddable":true,"href":"https:\/\/caratdiamond.ch\/de\/wp-json\/wp\/v2\/comments?post=42374"}],"version-history":[{"count":6,"href":"https:\/\/caratdiamond.ch\/de\/wp-json\/wp\/v2\/pages\/42374\/revisions"}],"predecessor-version":[{"id":49541,"href":"https:\/\/caratdiamond.ch\/de\/wp-json\/wp\/v2\/pages\/42374\/revisions\/49541"}],"wp:attachment":[{"href":"https:\/\/caratdiamond.ch\/de\/wp-json\/wp\/v2\/media?parent=42374"}],"curies":[{"name":"wp","href":"https:\/\/api.w.org\/{rel}","templated":true}]}}