{"id":42318,"date":"2021-05-25T08:47:35","date_gmt":"2021-05-25T06:47:35","guid":{"rendered":"https:\/\/caratdiamond.ch\/ehe\/"},"modified":"2023-06-14T21:28:34","modified_gmt":"2023-06-14T19:28:34","slug":"ehe","status":"publish","type":"page","link":"https:\/\/caratdiamond.ch\/de\/ehe\/","title":{"rendered":"Ehe"},"content":{"rendered":"\t\t<div data-elementor-type=\"wp-page\" data-elementor-id=\"42318\" class=\"elementor elementor-42318\" data-elementor-post-type=\"page\">\n\t\t\t\t<div class=\"elementor-element elementor-element-c8f51c7 e-con-full e-flex e-con e-parent\" data-id=\"c8f51c7\" data-element_type=\"container\">\n\t\t<div class=\"elementor-element elementor-element-cf4a1cf e-con-full e-flex e-con e-parent\" data-id=\"cf4a1cf\" data-element_type=\"container\" data-settings=\"{&quot;background_background&quot;:&quot;classic&quot;}\">\n\t\t<div class=\"elementor-element elementor-element-2abe385 e-flex e-con-boxed e-con e-parent\" data-id=\"2abe385\" data-element_type=\"container\" data-settings=\"{&quot;background_background&quot;:&quot;classic&quot;}\">\n\t\t\t\t\t<div class=\"e-con-inner\">\n\t\t\t\t<div class=\"elementor-element elementor-element-e155600 elementor-widget elementor-widget-heading\" data-id=\"e155600\" data-element_type=\"widget\" data-widget_type=\"heading.default\">\n\t\t\t\t<div class=\"elementor-widget-container\">\n\t\t\t\t\t<h2 class=\"elementor-heading-title elementor-size-default\"><a href=\"https:\/\/caratdiamond.ch\/boutique\/\">Ehe<\/a><\/h2>\t\t\t\t<\/div>\n\t\t\t\t<\/div>\n\t\t\t\t<div class=\"elementor-element elementor-element-62293b5 elementor-invisible elementor-widget elementor-widget-heading\" data-id=\"62293b5\" data-element_type=\"widget\" data-settings=\"{&quot;_animation&quot;:&quot;fadeIn&quot;}\" data-widget_type=\"heading.default\">\n\t\t\t\t<div class=\"elementor-widget-container\">\n\t\t\t\t\t<h1 class=\"elementor-heading-title elementor-size-default\">ma\u00dfgeschneiderte Eheringe<\/h1>\t\t\t\t<\/div>\n\t\t\t\t<\/div>\n\t\t\t\t\t<\/div>\n\t\t\t\t<\/div>\n\t\t\t\t<\/div>\n\t\t\t\t<\/div>\n\t\t<div class=\"elementor-element elementor-element-87aa2ed e-flex e-con-boxed e-con e-parent\" data-id=\"87aa2ed\" data-element_type=\"container\">\n\t\t\t\t\t<div class=\"e-con-inner\">\n\t\t<div class=\"elementor-element elementor-element-5cad4ca e-con-full e-flex e-con e-parent\" data-id=\"5cad4ca\" data-element_type=\"container\">\n\t\t\t\t<div class=\"elementor-element elementor-element-4dfbd92 elementor-invisible elementor-widget elementor-widget-heading\" data-id=\"4dfbd92\" data-element_type=\"widget\" data-settings=\"{&quot;_animation&quot;:&quot;fadeIn&quot;}\" data-widget_type=\"heading.default\">\n\t\t\t\t<div class=\"elementor-widget-container\">\n\t\t\t\t\t<h2 class=\"elementor-heading-title elementor-size-default\">Ma\u00dfgeschneiderte Eheringe f\u00fcr eine ewige Erinnerung<\/h2>\t\t\t\t<\/div>\n\t\t\t\t<\/div>\n\t\t\t\t<\/div>\n\t\t<div class=\"elementor-element elementor-element-cf22ebb e-con-full e-flex e-con e-parent\" data-id=\"cf22ebb\" data-element_type=\"container\">\n\t\t\t\t<div class=\"elementor-element elementor-element-30af3d6 elementor-widget elementor-widget-text-editor\" data-id=\"30af3d6\" data-element_type=\"widget\" data-widget_type=\"text-editor.default\">\n\t\t\t\t<div class=\"elementor-widget-container\">\n\t\t\t\t\t\t\t\t\t<p>Unsere Expertenteams begleiten Sie bei der Kreation einzigartiger und ma\u00dfgeschneiderter Eheringe, um Ihre Liebe zu besiegeln. <\/p>\n<p>Wir helfen Ihnen, Ihre ma\u00dfgeschneiderte Allianzen nach Ihren W\u00fcnschen und Erwartungen zu gestalten und vor allem machen wir sie einzigartig. <\/p>\n\t\t\t\t\t\t\t\t<\/div>\n\t\t\t\t<\/div>\n\t\t\t\t<div class=\"elementor-element elementor-element-ea3bb22 elementor-align-center elementor-tablet-align-center elementor-mobile-align-center elementor-widget__width-auto elementor-widget-tablet__width-inherit elementor-widget-mobile__width-inherit elementor-widget elementor-widget-button\" data-id=\"ea3bb22\" data-element_type=\"widget\" data-widget_type=\"button.default\">\n\t\t\t\t<div class=\"elementor-widget-container\">\n\t\t\t\t\t\t\t\t\t<div class=\"elementor-button-wrapper\">\n\t\t\t\t\t<a class=\"elementor-button elementor-button-link elementor-size-lg\" href=\"https:\/\/caratdiamond.ch\/de\/?page_id=42368\">\n\t\t\t\t\t\t<span class=\"elementor-button-content-wrapper\">\n\t\t\t\t\t\t\t\t\t<span class=\"elementor-button-text\">meinen Ehering entwerfen<\/span>\n\t\t\t\t\t<\/span>\n\t\t\t\t\t<\/a>\n\t\t\t\t<\/div>\n\t\t\t\t\t\t\t\t<\/div>\n\t\t\t\t<\/div>\n\t\t\t\t<\/div>\n\t\t\t\t\t<\/div>\n\t\t\t\t<\/div>\n\t\t<div class=\"elementor-element elementor-element-0141445 e-flex e-con-boxed e-con e-parent\" data-id=\"0141445\" data-element_type=\"container\" data-settings=\"{&quot;background_background&quot;:&quot;classic&quot;}\">\n\t\t\t\t\t<div class=\"e-con-inner\">\n\t\t<div class=\"elementor-element elementor-element-85124c8 e-con-full e-flex e-con e-parent\" data-id=\"85124c8\" data-element_type=\"container\" data-settings=\"{&quot;background_background&quot;:&quot;classic&quot;}\">\n\t\t\t\t<div class=\"elementor-element elementor-element-674b7dc elementor-widget elementor-widget-heading\" data-id=\"674b7dc\" data-element_type=\"widget\" data-widget_type=\"heading.default\">\n\t\t\t\t<div class=\"elementor-widget-container\">\n\t\t\t\t\t<h2 class=\"elementor-heading-title elementor-size-default\"><a href=\"https:\/\/caratdiamond.ch\/boutique\/\">Die Entscheidung f\u00fcr Ma\u00dfarbeit<\/a><\/h2>\t\t\t\t<\/div>\n\t\t\t\t<\/div>\n\t\t\t\t<div class=\"elementor-element elementor-element-d2dee06 elementor-invisible elementor-widget elementor-widget-heading\" data-id=\"d2dee06\" data-element_type=\"widget\" data-settings=\"{&quot;_animation&quot;:&quot;fadeIn&quot;}\" data-widget_type=\"heading.default\">\n\t\t\t\t<div class=\"elementor-widget-container\">\n\t\t\t\t\t<h3 class=\"elementor-heading-title elementor-size-default\">f\u00fcr seine Eheringe<\/h3>\t\t\t\t<\/div>\n\t\t\t\t<\/div>\n\t\t\t\t<div class=\"elementor-element elementor-element-b6985a0 elementor-widget elementor-widget-text-editor\" data-id=\"b6985a0\" data-element_type=\"widget\" data-widget_type=\"text-editor.default\">\n\t\t\t\t<div class=\"elementor-widget-container\">\n\t\t\t\t\t\t\t\t\t<p>Ma\u00dfgefertigte Trauringe f\u00fcr die eigene Hochzeit anfertigen zu lassen, verleiht einen Hauch von Einzigartigkeit und Pers\u00f6nlichkeit. Diese einzigartigen St\u00fccke spiegeln Ihren Stil und Ihre Vorlieben wider und schaffen so Schmuckst\u00fccke, die mit Emotionen und Erinnerungen verbunden sind. Wenn Sie mit Carat Diamond zusammenarbeiten, k\u00f6nnen Sie die Metalle, Steine und Muster ausw\u00e4hlen, die Sie am meisten ber\u00fchren. Gravieren Sie pers\u00f6nliche Nachrichten auf der Innenseite, um eine zus\u00e4tzliche Dimension zu schaffen. Ma\u00dfgefertigte Trauringe sind eine harmonische Erg\u00e4nzung zum Verlobungsring und st\u00e4rken die Verbindung zwischen Ihnen und Ihrem Partner. Es ist eine Investition, die Ihre Liebe auf besondere Weise symbolisiert.<\/p>\n\t\t\t\t\t\t\t\t<\/div>\n\t\t\t\t<\/div>\n\t\t\t\t<div class=\"elementor-element elementor-element-6d21e41 elementor-widget__width-auto elementor-align-center elementor-mobile-align-center elementor-widget-mobile__width-inherit elementor-tablet-align-center elementor-widget-tablet__width-inherit elementor-widget elementor-widget-button\" data-id=\"6d21e41\" data-element_type=\"widget\" data-widget_type=\"button.default\">\n\t\t\t\t<div class=\"elementor-widget-container\">\n\t\t\t\t\t\t\t\t\t<div class=\"elementor-button-wrapper\">\n\t\t\t\t\t<a class=\"elementor-button elementor-button-link elementor-size-lg\" href=\"https:\/\/caratdiamond.ch\/de\/\">\n\t\t\t\t\t\t<span class=\"elementor-button-content-wrapper\">\n\t\t\t\t\t\t\t\t\t<span class=\"elementor-button-text\">einen Termin vereinbaren<\/span>\n\t\t\t\t\t<\/span>\n\t\t\t\t\t<\/a>\n\t\t\t\t<\/div>\n\t\t\t\t\t\t\t\t<\/div>\n\t\t\t\t<\/div>\n\t\t\t\t<\/div>\n\t\t<div class=\"elementor-element elementor-element-8f852aa e-con-full elementor-hidden-mobile e-flex e-con e-parent\" data-id=\"8f852aa\" data-element_type=\"container\">\n\t\t\t\t<\/div>\n\t\t\t\t\t<\/div>\n\t\t\t\t<\/div>\n\t\t<div class=\"elementor-element elementor-element-bb286af e-flex e-con-boxed e-con e-parent\" data-id=\"bb286af\" data-element_type=\"container\" data-settings=\"{&quot;background_background&quot;:&quot;classic&quot;}\">\n\t\t\t\t\t<div class=\"e-con-inner\">\n\t\t<div class=\"elementor-element elementor-element-77736b0 e-con-full e-flex e-con e-parent\" data-id=\"77736b0\" data-element_type=\"container\">\n\t\t\t\t<div class=\"elementor-element elementor-element-4db9a10 elementor-widget elementor-widget-spacer\" data-id=\"4db9a10\" data-element_type=\"widget\" data-widget_type=\"spacer.default\">\n\t\t\t\t<div class=\"elementor-widget-container\">\n\t\t\t\t\t\t\t<div class=\"elementor-spacer\">\n\t\t\t<div class=\"elementor-spacer-inner\"><\/div>\n\t\t<\/div>\n\t\t\t\t\t\t<\/div>\n\t\t\t\t<\/div>\n\t\t\t\t<\/div>\n\t\t<div class=\"elementor-element elementor-element-d4883fd e-con-full e-flex e-con e-parent\" data-id=\"d4883fd\" data-element_type=\"container\">\n\t\t\t\t<div class=\"elementor-element elementor-element-3986274 elementor-invisible elementor-widget elementor-widget-heading\" data-id=\"3986274\" data-element_type=\"widget\" data-settings=\"{&quot;_animation&quot;:&quot;fadeIn&quot;}\" data-widget_type=\"heading.default\">\n\t\t\t\t<div class=\"elementor-widget-container\">\n\t\t\t\t\t<h3 class=\"elementor-heading-title elementor-size-default\">Warum sollten Sie Carat Diamond f\u00fcr die Realisierung Ihrer Trauringe vertrauen?<\/h3>\t\t\t\t<\/div>\n\t\t\t\t<\/div>\n\t\t\t\t<div class=\"elementor-element elementor-element-c957f24 elementor-widget elementor-widget-text-editor\" data-id=\"c957f24\" data-element_type=\"widget\" data-widget_type=\"text-editor.default\">\n\t\t\t\t<div class=\"elementor-widget-container\">\n\t\t\t\t\t\t\t\t\t<p>Unser Schmuck wird in der Schweiz aus hochwertigen ethischen Materialien und von leidenschaftlichen Experten hergestellt.<\/p>\n<p>Wir machen es uns zur Ehre, unsere Kunden bei dieser sehr wichtigen Entscheidung in ihrem Leben zu beraten und zu unterst\u00fctzen. <\/p>\n\t\t\t\t\t\t\t\t<\/div>\n\t\t\t\t<\/div>\n\t\t\t\t<\/div>\n\t\t\t\t\t<\/div>\n\t\t\t\t<\/div>\n\t\t<div class=\"elementor-element elementor-element-70b33fa e-flex e-con-boxed e-con e-parent\" data-id=\"70b33fa\" data-element_type=\"container\" data-settings=\"{&quot;background_background&quot;:&quot;classic&quot;}\">\n\t\t\t\t\t<div class=\"e-con-inner\">\n\t\t<div class=\"elementor-element elementor-element-4931d12 e-con-full e-flex e-con e-parent\" data-id=\"4931d12\" data-element_type=\"container\">\n\t\t<div class=\"elementor-element elementor-element-fec4a38 e-flex e-con-boxed e-con e-parent\" data-id=\"fec4a38\" data-element_type=\"container\" data-settings=\"{&quot;background_background&quot;:&quot;classic&quot;}\">\n\t\t\t\t\t<div class=\"e-con-inner\">\n\t\t\t\t<div class=\"elementor-element elementor-element-2eb28f3 elementor-widget elementor-widget-heading\" data-id=\"2eb28f3\" data-element_type=\"widget\" data-widget_type=\"heading.default\">\n\t\t\t\t<div class=\"elementor-widget-container\">\n\t\t\t\t\t<h2 class=\"elementor-heading-title elementor-size-default\">Lassen Sie uns gemeinsam das Schmuckst\u00fcck Ihrer Tr\u00e4ume anfertigen<\/h2>\t\t\t\t<\/div>\n\t\t\t\t<\/div>\n\t\t\t\t<div class=\"elementor-element elementor-element-31d781c elementor-widget elementor-widget-text-editor\" data-id=\"31d781c\" data-element_type=\"widget\" data-widget_type=\"text-editor.default\">\n\t\t\t\t<div class=\"elementor-widget-container\">\n\t\t\t\t\t\t\t\t\t<p>Wir begleiten Sie bei Ihrem Projekt, um Ihr Traumschmuckst\u00fcck zu verwirklichen!<\/p>\n\t\t\t\t\t\t\t\t<\/div>\n\t\t\t\t<\/div>\n\t\t\t\t<div class=\"elementor-element elementor-element-c8f381a elementor-align-center elementor-tablet-align-center elementor-mobile-align-center elementor-widget__width-auto elementor-widget-tablet__width-inherit elementor-widget-mobile__width-inherit elementor-widget elementor-widget-button\" data-id=\"c8f381a\" data-element_type=\"widget\" data-widget_type=\"button.default\">\n\t\t\t\t<div class=\"elementor-widget-container\">\n\t\t\t\t\t\t\t\t\t<div class=\"elementor-button-wrapper\">\n\t\t\t\t\t<a class=\"elementor-button elementor-button-link elementor-size-lg\" href=\"https:\/\/caratdiamond.ch\/de\/?page_id=42368\">\n\t\t\t\t\t\t<span class=\"elementor-button-content-wrapper\">\n\t\t\t\t\t\t\t\t\t<span class=\"elementor-button-text\">Kontaktieren Sie uns<\/span>\n\t\t\t\t\t<\/span>\n\t\t\t\t\t<\/a>\n\t\t\t\t<\/div>\n\t\t\t\t\t\t\t\t<\/div>\n\t\t\t\t<\/div>\n\t\t\t\t\t<\/div>\n\t\t\t\t<\/div>\n\t\t\t\t<\/div>\n\t\t\t\t\t<\/div>\n\t\t\t\t<\/div>\n\t\t\t\t<\/div>\n\t\t","protected":false},"excerpt":{"rendered":"<p>Ehe ma\u00dfgeschneiderte Eheringe Ma\u00dfgeschneiderte Eheringe f\u00fcr eine ewige Erinnerung Unsere Expertenteams begleiten Sie bei der Kreation einzigartiger und ma\u00dfgeschneiderter Eheringe, um Ihre Liebe zu besiegeln. Wir helfen Ihnen, Ihre ma\u00dfgeschneiderte Allianzen nach Ihren W\u00fcnschen und Erwartungen zu gestalten und vor allem machen wir sie einzigartig. meinen Ehering entwerfen Die Entscheidung f\u00fcr Ma\u00dfarbeit f\u00fcr seine Eheringe [&hellip;]<\/p>\n","protected":false},"author":6,"featured_media":0,"parent":0,"menu_order":0,"comment_status":"closed","ping_status":"closed","template":"elementor_header_footer","meta":{"site-sidebar-layout":"default","site-content-layout":"","ast-site-content-layout":"","site-content-style":"default","site-sidebar-style":"default","ast-global-header-display":"","ast-banner-title-visibility":"","ast-main-header-display":"","ast-hfb-above-header-display":"","ast-hfb-below-header-display":"","ast-hfb-mobile-header-display":"","site-post-title":"","ast-breadcrumbs-content":"","ast-featured-img":"","footer-sml-layout":"","theme-transparent-header-meta":"","adv-header-id-meta":"","stick-header-meta":"","header-above-stick-meta":"","header-main-stick-meta":"","header-below-stick-meta":"","astra-migrate-meta-layouts":"default","ast-page-background-enabled":"default","ast-page-background-meta":{"desktop":{"background-color":"","background-image":"","background-repeat":"repeat","background-position":"center center","background-size":"auto","background-attachment":"scroll","background-type":"","background-media":"","overlay-type":"","overlay-color":"","overlay-opacity":"","overlay-gradient":""},"tablet":{"background-color":"","background-image":"","background-repeat":"repeat","background-position":"center center","background-size":"auto","background-attachment":"scroll","background-type":"","background-media":"","overlay-type":"","overlay-color":"","overlay-opacity":"","overlay-gradient":""},"mobile":{"background-color":"","background-image":"","background-repeat":"repeat","background-position":"center center","background-size":"auto","background-attachment":"scroll","background-type":"","background-media":"","overlay-type":"","overlay-color":"","overlay-opacity":"","overlay-gradient":""}},"ast-content-background-meta":{"desktop":{"background-color":"var(--ast-global-color-5)","background-image":"","background-repeat":"repeat","background-position":"center center","background-size":"auto","background-attachment":"scroll","background-type":"","background-media":"","overlay-type":"","overlay-color":"","overlay-opacity":"","overlay-gradient":""},"tablet":{"background-color":"var(--ast-global-color-5)","background-image":"","background-repeat":"repeat","background-position":"center center","background-size":"auto","background-attachment":"scroll","background-type":"","background-media":"","overlay-type":"","overlay-color":"","overlay-opacity":"","overlay-gradient":""},"mobile":{"background-color":"var(--ast-global-color-5)","background-image":"","background-repeat":"repeat","background-position":"center center","background-size":"auto","background-attachment":"scroll","background-type":"","background-media":"","overlay-type":"","overlay-color":"","overlay-opacity":"","overlay-gradient":""}},"footnotes":""},"class_list":["post-42318","page","type-page","status-publish","hentry"],"_links":{"self":[{"href":"https:\/\/caratdiamond.ch\/de\/wp-json\/wp\/v2\/pages\/42318","targetHints":{"allow":["GET"]}}],"collection":[{"href":"https:\/\/caratdiamond.ch\/de\/wp-json\/wp\/v2\/pages"}],"about":[{"href":"https:\/\/caratdiamond.ch\/de\/wp-json\/wp\/v2\/types\/page"}],"author":[{"embeddable":true,"href":"https:\/\/caratdiamond.ch\/de\/wp-json\/wp\/v2\/users\/6"}],"replies":[{"embeddable":true,"href":"https:\/\/caratdiamond.ch\/de\/wp-json\/wp\/v2\/comments?post=42318"}],"version-history":[{"count":7,"href":"https:\/\/caratdiamond.ch\/de\/wp-json\/wp\/v2\/pages\/42318\/revisions"}],"predecessor-version":[{"id":49545,"href":"https:\/\/caratdiamond.ch\/de\/wp-json\/wp\/v2\/pages\/42318\/revisions\/49545"}],"wp:attachment":[{"href":"https:\/\/caratdiamond.ch\/de\/wp-json\/wp\/v2\/media?parent=42318"}],"curies":[{"name":"wp","href":"https:\/\/api.w.org\/{rel}","templated":true}]}}